{"id":243344,"date":"2015-05-25T08:40:35","date_gmt":"2015-05-25T08:40:35","guid":{"rendered":"https:\/\/www.mouuautosuperat.info\/?page_id=243344"},"modified":"2023-10-23T10:49:36","modified_gmt":"2023-10-23T10:49:36","slug":"contacto","status":"publish","type":"page","link":"https:\/\/www.mouuautosuperat.info\/es\/contacto\/","title":{"rendered":"Contacto"},"content":{"rendered":"<p>[et_pb_section fb_built=\u00bb1&#8243; _builder_version=\u00bb4.20.2&#8243; background_color=\u00bbrgba(216,180,151,0.23)\u00bb background_enable_image=\u00bboff\u00bb background_size=\u00bbinitial\u00bb background_position=\u00bbbottom_right\u00bb custom_padding=\u00bb50px|0px|57px|0px\u00bb locked=\u00bboff\u00bb global_colors_info=\u00bb{}\u00bb][et_pb_row column_structure=\u00bb1_5,3_5,1_5&#8243; _builder_version=\u00bb4.20.2&#8243; background_size=\u00bbinitial\u00bb background_position=\u00bbtop_left\u00bb background_repeat=\u00bbrepeat\u00bb custom_padding=\u00bb1em|0px|1em|0px|true|false\u00bb global_colors_info=\u00bb{}\u00bb][et_pb_column type=\u00bb1_5&#8243; _builder_version=\u00bb4.16&#8243; custom_padding=\u00bb|||\u00bb global_colors_info=\u00bb{}\u00bb custom_padding__hover=\u00bb|||\u00bb][\/et_pb_column][et_pb_column type=\u00bb3_5&#8243; _builder_version=\u00bb4.16&#8243; custom_padding=\u00bb|||\u00bb global_colors_info=\u00bb{}\u00bb custom_padding__hover=\u00bb|||\u00bb][et_pb_text admin_label=\u00bbT\u00edtol Serveis Terapeutics\u00bb _builder_version=\u00bb4.22.1&#8243; text_font=\u00bbGeorgia|700|||||||\u00bb text_font_size=\u00bb16&#8243; header_font=\u00bbCrimson Pro||||||||\u00bb header_text_align=\u00bbcenter\u00bb header_text_color=\u00bb#A26737&#8243; header_font_size=\u00bb2.9em\u00bb custom_margin=\u00bb||1px|||\u00bb hover_enabled=\u00bb0&#8243; locked=\u00bboff\u00bb global_colors_info=\u00bb{}\u00bb sticky_enabled=\u00bb0&#8243;]<\/p>\n<h1>Contacta con nosotras<\/h1>\n<p>[\/et_pb_text][et_pb_text _builder_version=\u00bb4.22.1&#8243; _module_preset=\u00bbdefault\u00bb text_font_size=\u00bb1.2em\u00bb text_orientation=\u00bbcenter\u00bb hover_enabled=\u00bb0&#8243; locked=\u00bboff\u00bb global_colors_info=\u00bb{}\u00bb sticky_enabled=\u00bb0&#8243;]Nos puedes escribir para pedir cita o para resolver dudas.[\/et_pb_text][\/et_pb_column][et_pb_column type=\u00bb1_5&#8243; _builder_version=\u00bb4.16&#8243; custom_padding=\u00bb|||\u00bb global_colors_info=\u00bb{}\u00bb custom_padding__hover=\u00bb|||\u00bb][\/et_pb_column][\/et_pb_row][\/et_pb_section][et_pb_section fb_built=\u00bb1&#8243; _builder_version=\u00bb4.16&#8243; global_colors_info=\u00bb{}\u00bb][et_pb_row column_structure=\u00bb2_5,3_5&#8243; _builder_version=\u00bb4.20.2&#8243; _module_preset=\u00bbdefault\u00bb locked=\u00bboff\u00bb global_colors_info=\u00bb{}\u00bb][et_pb_column type=\u00bb2_5&#8243; _builder_version=\u00bb4.20.2&#8243; _module_preset=\u00bbdefault\u00bb global_colors_info=\u00bb{}\u00bb][et_pb_text _builder_version=\u00bb4.22.1&#8243; _module_preset=\u00bbdefault\u00bb header_4_font=\u00bbCrimson Pro||||||||\u00bb header_4_font_size=\u00bb30px\u00bb header_4_line_height=\u00bb1.1em\u00bb custom_margin=\u00bb||1em||false|false\u00bb hover_enabled=\u00bb0&#8243; global_colors_info=\u00bb{}\u00bb sticky_enabled=\u00bb0&#8243;]<\/p>\n<h4 class=\"western\" align=\"left\">Donde estamos<\/h4>\n<p>[\/et_pb_text][et_pb_text _builder_version=\u00bb4.22.1&#8243; _module_preset=\u00bbdefault\u00bb text_font_size=\u00bb1.2em\u00bb link_font=\u00bb||||on||||\u00bb link_text_color=\u00bb#666666&#8243; hover_enabled=\u00bb0&#8243; global_colors_info=\u00bb{}\u00bb sticky_enabled=\u00bb0&#8243;]<\/p>\n<p><strong>Direcci\u00f3n:<\/strong> Calle Lacy, 102, Sabadell<br \/><strong>Tel\u00e9fono:<\/strong> <a href=\"tel:687979252\" title=\"Tel:687979252\">687 979 252<\/a><br \/><strong>Correo electr\u00f3nico:<\/strong> <a href=\"mailto:mouu@hotmail.es\" title=\"Mailto:mouu@hotmail.es\">mouu@hotmail.es<\/a><\/p>\n<p>[\/et_pb_text][\/et_pb_column][et_pb_column type=\u00bb3_5&#8243; _builder_version=\u00bb4.20.2&#8243; _module_preset=\u00bbdefault\u00bb global_colors_info=\u00bb{}\u00bb][et_pb_code disabled_on=\u00bbon|on|on\u00bb _builder_version=\u00bb4.20.2&#8243; _module_preset=\u00bbdefault\u00bb disabled=\u00bbon\u00bb global_colors_info=\u00bb{}\u00bb]\n<div class=\"wpcf7 no-js\" id=\"wpcf7-f2992-o1\" lang=\"es-ES\" dir=\"ltr\" data-wpcf7-id=\"2992\">\n<div class=\"screen-reader-response\"><p role=\"status\" aria-live=\"polite\" aria-atomic=\"true\"><\/p> <ul><\/ul><\/div>\n<form action=\"\/es\/wp-json\/wp\/v2\/pages\/243344#wpcf7-f2992-o1\" method=\"post\" class=\"wpcf7-form init cf7_2columnas\" aria-label=\"Formulario de contacto\" novalidate=\"novalidate\" data-status=\"init\">\n<fieldset class=\"hidden-fields-container\"><input type=\"hidden\" name=\"_wpcf7\" value=\"2992\" \/><input type=\"hidden\" name=\"_wpcf7_version\" value=\"6.1.5\" \/><input type=\"hidden\" name=\"_wpcf7_locale\" value=\"es_ES\" \/><input type=\"hidden\" name=\"_wpcf7_unit_tag\" value=\"wpcf7-f2992-o1\" \/><input type=\"hidden\" name=\"_wpcf7_container_post\" value=\"0\" \/><input type=\"hidden\" name=\"_wpcf7_posted_data_hash\" value=\"\" \/>\n<\/fieldset>\n<p><span class=\"wpcf7-form-control-wrap\" data-name=\"your-name\"><input size=\"40\" maxlength=\"400\" class=\"wpcf7-form-control wpcf7-text wpcf7-validates-as-required\" aria-required=\"true\" aria-invalid=\"false\" placeholder=\"Nom\" value=\"\" type=\"text\" name=\"your-name\" \/><\/span><br \/>\n<span class=\"wpcf7-form-control-wrap\" data-name=\"your-email\"><input size=\"40\" maxlength=\"400\" class=\"wpcf7-form-control wpcf7-email wpcf7-validates-as-required wpcf7-text wpcf7-validates-as-email\" aria-required=\"true\" aria-invalid=\"false\" placeholder=\"Correu electr\u00f2nic\" value=\"\" type=\"email\" name=\"your-email\" \/><\/span><br \/>\n<span class=\"wpcf7-form-control-wrap\" data-name=\"message\"><textarea cols=\"40\" rows=\"10\" maxlength=\"2000\" class=\"wpcf7-form-control wpcf7-textarea\" aria-invalid=\"false\" placeholder=\"Missatge\" name=\"message\"><\/textarea><\/span><br \/>\n<span class=\"wpcf7-form-control-wrap\" data-name=\"grpd\"><span class=\"wpcf7-form-control wpcf7-acceptance\"><span class=\"wpcf7-list-item\"><label><input type=\"checkbox\" name=\"grpd\" value=\"1\" aria-invalid=\"false\" \/><span class=\"wpcf7-list-item-label\">Acepto la <a href=\"http:\/\/www.mouuautosuperat.info\/politica-de-privacitat\/\" title=\"Pol\u00edtica De Privacitat\" target=\"_blank\">pol\u00edtica de privadesa<\/a><\/span><\/label><\/span><\/span><\/span><br \/>\n<button class=\"wpcf7-form-control wpcf7-submit has-spinner et_pb_button et_pb_bg_layout_light\" type=\"submit\" value=\"Enviar\">Enviar<\/button><br \/>\n<input class=\"wpcf7-form-control wpcf7-hidden\" value=\"\" type=\"hidden\" name=\"title\" \/><br \/>\n<input class=\"wpcf7-form-control wpcf7-hidden\" value=\"\" type=\"hidden\" name=\"url\" \/>\n<\/p><div class=\"wpcf7-response-output\" aria-hidden=\"true\"><\/div>\n<\/form>\n<\/div>\n[\/et_pb_code][\/et_pb_column][\/et_pb_row][\/et_pb_section]<\/p>\n","protected":false},"excerpt":{"rendered":"<p>Contacta con nosotrasNos puedes escribir para pedir cita o para resolver dudas.Donde estamos Direcci\u00f3n: Calle Lacy, 102, SabadellTel\u00e9fono: 687 979 252Correo electr\u00f3nico: mouu@hotmail.es\n<div class=\"wpcf7 no-js\" id=\"wpcf7-f2992-o2\" lang=\"es-ES\" dir=\"ltr\" data-wpcf7-id=\"2992\">\n<div class=\"screen-reader-response\"><p role=\"status\" aria-live=\"polite\" aria-atomic=\"true\"><\/p> <ul><\/ul><\/div>\n<form action=\"\/es\/wp-json\/wp\/v2\/pages\/243344#wpcf7-f2992-o2\" method=\"post\" class=\"wpcf7-form init cf7_2columnas\" aria-label=\"Formulario de contacto\" novalidate=\"novalidate\" data-status=\"init\">\n<fieldset class=\"hidden-fields-container\"><input type=\"hidden\" name=\"_wpcf7\" value=\"2992\" \/><input type=\"hidden\" name=\"_wpcf7_version\" value=\"6.1.5\" \/><input type=\"hidden\" name=\"_wpcf7_locale\" value=\"es_ES\" \/><input type=\"hidden\" name=\"_wpcf7_unit_tag\" value=\"wpcf7-f2992-o2\" \/><input type=\"hidden\" name=\"_wpcf7_container_post\" value=\"0\" \/><input type=\"hidden\" name=\"_wpcf7_posted_data_hash\" value=\"\" \/>\n<\/fieldset>\n<p><span class=\"wpcf7-form-control-wrap\" data-name=\"your-name\"><input size=\"40\" maxlength=\"400\" class=\"wpcf7-form-control wpcf7-text wpcf7-validates-as-required\" aria-required=\"true\" aria-invalid=\"false\" placeholder=\"Nom\" value=\"\" type=\"text\" name=\"your-name\" \/><\/span><br \/>\n<span class=\"wpcf7-form-control-wrap\" data-name=\"your-email\"><input size=\"40\" maxlength=\"400\" class=\"wpcf7-form-control wpcf7-email wpcf7-validates-as-required wpcf7-text wpcf7-validates-as-email\" aria-required=\"true\" aria-invalid=\"false\" placeholder=\"Correu electr\u00f2nic\" value=\"\" type=\"email\" name=\"your-email\" \/><\/span><br \/>\n<span class=\"wpcf7-form-control-wrap\" data-name=\"message\"><textarea cols=\"40\" rows=\"10\" maxlength=\"2000\" class=\"wpcf7-form-control wpcf7-textarea\" aria-invalid=\"false\" placeholder=\"Missatge\" name=\"message\"><\/textarea><\/span><br \/>\n<span class=\"wpcf7-form-control-wrap\" data-name=\"grpd\"><span class=\"wpcf7-form-control wpcf7-acceptance\"><span class=\"wpcf7-list-item\"><label><input type=\"checkbox\" name=\"grpd\" value=\"1\" aria-invalid=\"false\" \/><span class=\"wpcf7-list-item-label\">Acepto la <a href=\"http:\/\/www.mouuautosuperat.info\/politica-de-privacitat\/\" target=\"_blank\">pol\u00edtica de privadesa<\/a><\/span><\/label><\/span><\/span><\/span><br \/>\n<button class=\"wpcf7-form-control wpcf7-submit has-spinner et_pb_button et_pb_bg_layout_light\" type=\"submit\" value=\"Enviar\">Enviar<\/button><br \/>\n<input class=\"wpcf7-form-control wpcf7-hidden\" value=\"\" type=\"hidden\" name=\"title\" \/><br \/>\n<input class=\"wpcf7-form-control wpcf7-hidden\" value=\"\" type=\"hidden\" name=\"url\" \/>\n<\/p><div class=\"wpcf7-response-output\" aria-hidden=\"true\"><\/div>\n<\/form>\n<\/div>\n<\/p>\n","protected":false},"author":3,"featured_media":0,"parent":0,"menu_order":0,"comment_status":"open","ping_status":"open","template":"","meta":{"_acf_changed":false,"_et_pb_use_builder":"on","_et_pb_old_content":"<p>[et_pb_section fb_built=\"1\" _builder_version=\"4.20.2\" background_color=\"rgba(216,180,151,0.23)\" background_enable_image=\"off\" background_size=\"initial\" background_position=\"bottom_right\" custom_padding=\"50px|0px|57px|0px\" locked=\"off\" global_colors_info=\"{}\"][et_pb_row column_structure=\"1_5,3_5,1_5\" _builder_version=\"4.20.2\" background_size=\"initial\" background_position=\"top_left\" background_repeat=\"repeat\" custom_padding=\"1em|0px|1em|0px|true|false\" global_colors_info=\"{}\"][et_pb_column type=\"1_5\" _builder_version=\"4.16\" custom_padding=\"|||\" global_colors_info=\"{}\" custom_padding__hover=\"|||\"][\/et_pb_column][et_pb_column type=\"3_5\" _builder_version=\"4.16\" custom_padding=\"|||\" global_colors_info=\"{}\" custom_padding__hover=\"|||\"][et_pb_text admin_label=\"T\u00edtol Serveis Terapeutics\" _builder_version=\"4.20.4\" text_font=\"Georgia|700|||||||\" text_font_size=\"16\" header_font=\"Crimson Pro||||||||\" header_text_align=\"center\" header_text_color=\"#A26737\" header_font_size=\"2.9em\" custom_margin=\"||1px|||\" locked=\"off\" global_colors_info=\"{}\"]<\/p><h1>Contacta amb nosaltres<\/h1><p>[\/et_pb_text][et_pb_text _builder_version=\"4.20.4\" _module_preset=\"default\" text_font_size=\"1.2em\" text_orientation=\"center\" locked=\"off\" global_colors_info=\"{}\"]<\/p><p>Ens pots escriure per demanar cita o per resoldre subtes.<\/p><p>[\/et_pb_text][\/et_pb_column][et_pb_column type=\"1_5\" _builder_version=\"4.16\" custom_padding=\"|||\" global_colors_info=\"{}\" custom_padding__hover=\"|||\"][\/et_pb_column][\/et_pb_row][\/et_pb_section][et_pb_section fb_built=\"1\" _builder_version=\"4.16\" global_colors_info=\"{}\"][et_pb_row column_structure=\"2_5,3_5\" _builder_version=\"4.20.2\" _module_preset=\"default\" locked=\"off\" global_colors_info=\"{}\"][et_pb_column type=\"2_5\" _builder_version=\"4.20.2\" _module_preset=\"default\" global_colors_info=\"{}\"][et_pb_text _builder_version=\"4.20.4\" _module_preset=\"default\" header_4_font=\"Crimson Pro||||||||\" header_4_font_size=\"30px\" header_4_line_height=\"1.1em\" custom_margin=\"||1em||false|false\" global_colors_info=\"{}\"]<\/p><h4 class=\"western\" align=\"left\">On som<\/h4><p>[\/et_pb_text][et_pb_text _builder_version=\"4.20.4\" _module_preset=\"default\" text_font_size=\"1.2em\" link_font=\"||||on||||\" link_text_color=\"#666666\" global_colors_info=\"{}\"]<\/p><p><strong>Direcci\u00f3:<\/strong>\u00a0Carrer Lacy, 102, Sabadell<br \/><strong>Tel\u00e8fon:<\/strong> <a href=\"tel:687979252\">687 979 252<\/a><br \/><strong>Correu electr\u00f2nic:<\/strong> <a href=\"mailto:mouu@hotmail.es\">mouu@hotmail.es<\/a><\/p><p>[\/et_pb_text][\/et_pb_column][et_pb_column type=\"3_5\" _builder_version=\"4.20.2\" _module_preset=\"default\" global_colors_info=\"{}\"][et_pb_code _builder_version=\"4.20.2\" _module_preset=\"default\" global_colors_info=\"{}\" disabled_on=\"on|on|on\" disabled=\"on\"][contact-form-7 id=\"2992\" title=\"ES Formulari Servei\" html_class=\"cf7_2columnas\"][\/et_pb_code][\/et_pb_column][\/et_pb_row][\/et_pb_section]<\/p>","_et_gb_content_width":"","footnotes":""},"class_list":["post-243344","page","type-page","status-publish","hentry"],"acf":[],"yoast_head":"<!-- This site is optimized with the Yoast SEO plugin v27.4 - https:\/\/yoast.com\/product\/yoast-seo-wordpress\/ -->\n<title>Contacto - M\u00f2uu autosupera&#039;t<\/title>\n<meta name=\"robots\" content=\"index, follow, max-snippet:-1, max-image-preview:large, max-video-preview:-1\" \/>\n<link rel=\"canonical\" href=\"https:\/\/www.mouuautosuperat.info\/es\/contacto\/\" \/>\n<meta property=\"og:locale\" content=\"es_ES\" \/>\n<meta property=\"og:type\" content=\"article\" \/>\n<meta property=\"og:title\" content=\"Contacto - M\u00f2uu autosupera&#039;t\" \/>\n<meta property=\"og:description\" content=\"Contacta con nosotrasNos puedes escribir para pedir cita o para resolver dudas.Donde estamos Direcci\u00f3n: Calle Lacy, 102, SabadellTel\u00e9fono: 687 979 252Correo electr\u00f3nico: mouu@hotmail.es\" \/>\n<meta property=\"og:url\" content=\"https:\/\/www.mouuautosuperat.info\/es\/contacto\/\" \/>\n<meta property=\"og:site_name\" content=\"M\u00f2uu autosupera&#039;t\" \/>\n<meta property=\"article:publisher\" content=\"https:\/\/www.facebook.com\/MOUUAUTOSUPERAT\/\" \/>\n<meta property=\"article:modified_time\" content=\"2023-10-23T10:49:36+00:00\" \/>\n<meta name=\"twitter:card\" content=\"summary_large_image\" \/>\n<meta name=\"twitter:label1\" content=\"Tiempo de lectura\" \/>\n\t<meta name=\"twitter:data1\" content=\"1 minuto\" \/>\n<script type=\"application\/ld+json\" class=\"yoast-schema-graph\">{\"@context\":\"https:\\\/\\\/schema.org\",\"@graph\":[{\"@type\":\"WebPage\",\"@id\":\"https:\\\/\\\/www.mouuautosuperat.info\\\/es\\\/contacto\\\/\",\"url\":\"https:\\\/\\\/www.mouuautosuperat.info\\\/es\\\/contacto\\\/\",\"name\":\"Contacto - M\u00f2uu autosupera&#039;t\",\"isPartOf\":{\"@id\":\"https:\\\/\\\/www.mouuautosuperat.info\\\/#website\"},\"datePublished\":\"2015-05-25T08:40:35+00:00\",\"dateModified\":\"2023-10-23T10:49:36+00:00\",\"breadcrumb\":{\"@id\":\"https:\\\/\\\/www.mouuautosuperat.info\\\/es\\\/contacto\\\/#breadcrumb\"},\"inLanguage\":\"es\",\"potentialAction\":[{\"@type\":\"ReadAction\",\"target\":[\"https:\\\/\\\/www.mouuautosuperat.info\\\/es\\\/contacto\\\/\"]}]},{\"@type\":\"BreadcrumbList\",\"@id\":\"https:\\\/\\\/www.mouuautosuperat.info\\\/es\\\/contacto\\\/#breadcrumb\",\"itemListElement\":[{\"@type\":\"ListItem\",\"position\":1,\"name\":\"Portada\",\"item\":\"https:\\\/\\\/www.mouuautosuperat.info\\\/\"},{\"@type\":\"ListItem\",\"position\":2,\"name\":\"Contacto\"}]},{\"@type\":\"WebSite\",\"@id\":\"https:\\\/\\\/www.mouuautosuperat.info\\\/#website\",\"url\":\"https:\\\/\\\/www.mouuautosuperat.info\\\/\",\"name\":\"M\u00f2uu Autosupera't\",\"description\":\"Neuropsicologia, Psicologia Cl\u00ednica, Kinesiologia i Ter\u00e0pia Zen\",\"publisher\":{\"@id\":\"https:\\\/\\\/www.mouuautosuperat.info\\\/#organization\"},\"potentialAction\":[{\"@type\":\"SearchAction\",\"target\":{\"@type\":\"EntryPoint\",\"urlTemplate\":\"https:\\\/\\\/www.mouuautosuperat.info\\\/?s={search_term_string}\"},\"query-input\":{\"@type\":\"PropertyValueSpecification\",\"valueRequired\":true,\"valueName\":\"search_term_string\"}}],\"inLanguage\":\"es\"},{\"@type\":\"Organization\",\"@id\":\"https:\\\/\\\/www.mouuautosuperat.info\\\/#organization\",\"name\":\"M\u00f2uu Autosupera't\",\"url\":\"https:\\\/\\\/www.mouuautosuperat.info\\\/\",\"logo\":{\"@type\":\"ImageObject\",\"inLanguage\":\"es\",\"@id\":\"https:\\\/\\\/www.mouuautosuperat.info\\\/#\\\/schema\\\/logo\\\/image\\\/\",\"url\":\"http:\\\/\\\/www.mouuautosuperat.info\\\/wp-content\\\/uploads\\\/2015\\\/05\\\/logo.png\",\"contentUrl\":\"http:\\\/\\\/www.mouuautosuperat.info\\\/wp-content\\\/uploads\\\/2015\\\/05\\\/logo.png\",\"width\":135,\"height\":39,\"caption\":\"M\u00f2uu Autosupera't\"},\"image\":{\"@id\":\"https:\\\/\\\/www.mouuautosuperat.info\\\/#\\\/schema\\\/logo\\\/image\\\/\"},\"sameAs\":[\"https:\\\/\\\/www.facebook.com\\\/MOUUAUTOSUPERAT\\\/\"]}]}<\/script>\n<!-- \/ Yoast SEO plugin. -->","yoast_head_json":{"title":"Contacto - M\u00f2uu autosupera&#039;t","robots":{"index":"index","follow":"follow","max-snippet":"max-snippet:-1","max-image-preview":"max-image-preview:large","max-video-preview":"max-video-preview:-1"},"canonical":"https:\/\/www.mouuautosuperat.info\/es\/contacto\/","og_locale":"es_ES","og_type":"article","og_title":"Contacto - M\u00f2uu autosupera&#039;t","og_description":"Contacta con nosotrasNos puedes escribir para pedir cita o para resolver dudas.Donde estamos Direcci\u00f3n: Calle Lacy, 102, SabadellTel\u00e9fono: 687 979 252Correo electr\u00f3nico: mouu@hotmail.es","og_url":"https:\/\/www.mouuautosuperat.info\/es\/contacto\/","og_site_name":"M\u00f2uu autosupera&#039;t","article_publisher":"https:\/\/www.facebook.com\/MOUUAUTOSUPERAT\/","article_modified_time":"2023-10-23T10:49:36+00:00","twitter_card":"summary_large_image","twitter_misc":{"Tiempo de lectura":"1 minuto"},"schema":{"@context":"https:\/\/schema.org","@graph":[{"@type":"WebPage","@id":"https:\/\/www.mouuautosuperat.info\/es\/contacto\/","url":"https:\/\/www.mouuautosuperat.info\/es\/contacto\/","name":"Contacto - M\u00f2uu autosupera&#039;t","isPartOf":{"@id":"https:\/\/www.mouuautosuperat.info\/#website"},"datePublished":"2015-05-25T08:40:35+00:00","dateModified":"2023-10-23T10:49:36+00:00","breadcrumb":{"@id":"https:\/\/www.mouuautosuperat.info\/es\/contacto\/#breadcrumb"},"inLanguage":"es","potentialAction":[{"@type":"ReadAction","target":["https:\/\/www.mouuautosuperat.info\/es\/contacto\/"]}]},{"@type":"BreadcrumbList","@id":"https:\/\/www.mouuautosuperat.info\/es\/contacto\/#breadcrumb","itemListElement":[{"@type":"ListItem","position":1,"name":"Portada","item":"https:\/\/www.mouuautosuperat.info\/"},{"@type":"ListItem","position":2,"name":"Contacto"}]},{"@type":"WebSite","@id":"https:\/\/www.mouuautosuperat.info\/#website","url":"https:\/\/www.mouuautosuperat.info\/","name":"M\u00f2uu Autosupera't","description":"Neuropsicologia, Psicologia Cl\u00ednica, Kinesiologia i Ter\u00e0pia Zen","publisher":{"@id":"https:\/\/www.mouuautosuperat.info\/#organization"},"potentialAction":[{"@type":"SearchAction","target":{"@type":"EntryPoint","urlTemplate":"https:\/\/www.mouuautosuperat.info\/?s={search_term_string}"},"query-input":{"@type":"PropertyValueSpecification","valueRequired":true,"valueName":"search_term_string"}}],"inLanguage":"es"},{"@type":"Organization","@id":"https:\/\/www.mouuautosuperat.info\/#organization","name":"M\u00f2uu Autosupera't","url":"https:\/\/www.mouuautosuperat.info\/","logo":{"@type":"ImageObject","inLanguage":"es","@id":"https:\/\/www.mouuautosuperat.info\/#\/schema\/logo\/image\/","url":"http:\/\/www.mouuautosuperat.info\/wp-content\/uploads\/2015\/05\/logo.png","contentUrl":"http:\/\/www.mouuautosuperat.info\/wp-content\/uploads\/2015\/05\/logo.png","width":135,"height":39,"caption":"M\u00f2uu Autosupera't"},"image":{"@id":"https:\/\/www.mouuautosuperat.info\/#\/schema\/logo\/image\/"},"sameAs":["https:\/\/www.facebook.com\/MOUUAUTOSUPERAT\/"]}]}},"_links":{"self":[{"href":"https:\/\/www.mouuautosuperat.info\/es\/wp-json\/wp\/v2\/pages\/243344","targetHints":{"allow":["GET"]}}],"collection":[{"href":"https:\/\/www.mouuautosuperat.info\/es\/wp-json\/wp\/v2\/pages"}],"about":[{"href":"https:\/\/www.mouuautosuperat.info\/es\/wp-json\/wp\/v2\/types\/page"}],"author":[{"embeddable":true,"href":"https:\/\/www.mouuautosuperat.info\/es\/wp-json\/wp\/v2\/users\/3"}],"replies":[{"embeddable":true,"href":"https:\/\/www.mouuautosuperat.info\/es\/wp-json\/wp\/v2\/comments?post=243344"}],"version-history":[{"count":4,"href":"https:\/\/www.mouuautosuperat.info\/es\/wp-json\/wp\/v2\/pages\/243344\/revisions"}],"predecessor-version":[{"id":243354,"href":"https:\/\/www.mouuautosuperat.info\/es\/wp-json\/wp\/v2\/pages\/243344\/revisions\/243354"}],"wp:attachment":[{"href":"https:\/\/www.mouuautosuperat.info\/es\/wp-json\/wp\/v2\/media?parent=243344"}],"curies":[{"name":"wp","href":"https:\/\/api.w.org\/{rel}","templated":true}]}}