{"id":243356,"date":"2018-09-09T10:13:30","date_gmt":"2018-09-09T10:13:30","guid":{"rendered":"https:\/\/www.mouuautosuperat.info\/el-centre\/"},"modified":"2023-10-23T12:05:15","modified_gmt":"2023-10-23T12:05:15","slug":"el-centro","status":"publish","type":"page","link":"https:\/\/www.mouuautosuperat.info\/es\/el-centro\/","title":{"rendered":"El centro"},"content":{"rendered":"<p>[et_pb_section fb_built=\u00bb1&#8243; _builder_version=\u00bb4.20.4&#8243; background_color=\u00bbrgba(216,180,151,0.23)\u00bb background_enable_image=\u00bboff\u00bb background_size=\u00bbinitial\u00bb background_position=\u00bbbottom_right\u00bb custom_padding=\u00bb50px|0px|57px|0px\u00bb locked=\u00bboff\u00bb global_colors_info=\u00bb{}\u00bb][et_pb_row _builder_version=\u00bb4.20.2&#8243; background_size=\u00bbinitial\u00bb background_position=\u00bbtop_left\u00bb background_repeat=\u00bbrepeat\u00bb custom_padding=\u00bb1em|0px|1em|0px|true|false\u00bb global_colors_info=\u00bb{}\u00bb][et_pb_column type=\u00bb4_4&#8243; _builder_version=\u00bb4.16&#8243; custom_padding=\u00bb|||\u00bb global_colors_info=\u00bb{}\u00bb custom_padding__hover=\u00bb|||\u00bb][et_pb_text admin_label=\u00bbT\u00edtol Serveis Terapeutics\u00bb _builder_version=\u00bb4.20.4&#8243; text_font=\u00bbGeorgia|700|||||||\u00bb text_font_size=\u00bb16&#8243; header_font=\u00bbCrimson Pro||||||||\u00bb header_text_align=\u00bbcenter\u00bb header_text_color=\u00bb#A26737&#8243; header_font_size=\u00bb2.9em\u00bb custom_margin=\u00bb||0px||false|false\u00bb locked=\u00bboff\u00bb global_colors_info=\u00bb{}\u00bb]<\/p>\n<h1>Al centre m\u00f2uu atenem a totes les necessitats<\/h1>\n<p>[\/et_pb_text][et_pb_text _builder_version=\u00bb4.22.1&#8243; _module_preset=\u00bbdefault\u00bb text_font_size=\u00bb1.2em\u00bb text_orientation=\u00bbcenter\u00bb locked=\u00bboff\u00bb global_colors_info=\u00bb{}\u00bb]<\/p>\n<p>A les nostres instal\u00b7lacions et sentir\u00e0s com a casa, procuprem crear un espai on puguis connectar amb tu mateixa.<\/p>\n<p>[\/et_pb_text][\/et_pb_column][\/et_pb_row][\/et_pb_section][et_pb_section fb_built=\u00bb1&#8243; _builder_version=\u00bb4.16&#8243; custom_padding=\u00bb53.1094px|0px|33px|0px\u00bb global_colors_info=\u00bb{}\u00bb][et_pb_row column_structure=\u00bb1_2,1_2&#8243; _builder_version=\u00bb4.16&#8243; background_size=\u00bbinitial\u00bb background_position=\u00bbtop_left\u00bb background_repeat=\u00bbrepeat\u00bb custom_padding=\u00bb26.5469px|0px|0px|0px\u00bb global_colors_info=\u00bb{}\u00bb][et_pb_column type=\u00bb1_2&#8243; _builder_version=\u00bb4.16&#8243; custom_padding=\u00bb|||\u00bb global_colors_info=\u00bb{}\u00bb custom_padding__hover=\u00bb|||\u00bb][et_pb_image src=\u00bbhttps:\/\/www.mouuautosuperat.info\/wp-content\/uploads\/2018\/09\/41039130_242269563103620_491805289041887232_n.jpg\u00bb show_in_lightbox=\u00bbon\u00bb show_bottom_space=\u00bboff\u00bb align_tablet=\u00bbcenter\u00bb align_phone=\u00bbcenter\u00bb align_last_edited=\u00bbon|desktop\u00bb _builder_version=\u00bb4.20.4&#8243; custom_margin=\u00bb||1em||false|false\u00bb border_radii=\u00bbon|30px|30px|30px|30px\u00bb always_center_on_mobile=\u00bbon\u00bb global_colors_info=\u00bb{}\u00bb][\/et_pb_image][et_pb_text _builder_version=\u00bb4.20.4&#8243; _module_preset=\u00bbdefault\u00bb text_font=\u00bbCrimson Pro||||||||\u00bb text_text_color=\u00bb#A26737&#8243; text_font_size=\u00bb23px\u00bb text_orientation=\u00bbcenter\u00bb global_colors_info=\u00bb{}\u00bb]<\/p>\n<p>Sala d&#8217;activitats grupals<\/p>\n<p>[\/et_pb_text][\/et_pb_column][et_pb_column type=\u00bb1_2&#8243; _builder_version=\u00bb4.16&#8243; custom_padding=\u00bb|||\u00bb global_colors_info=\u00bb{}\u00bb custom_padding__hover=\u00bb|||\u00bb][et_pb_image src=\u00bbhttps:\/\/www.mouuautosuperat.info\/wp-content\/uploads\/2018\/09\/41141824_219448598926319_5218218645678718976_n.jpg\u00bb show_in_lightbox=\u00bbon\u00bb show_bottom_space=\u00bboff\u00bb align_tablet=\u00bbcenter\u00bb align_phone=\u00bbcenter\u00bb align_last_edited=\u00bbon|desktop\u00bb _builder_version=\u00bb4.20.4&#8243; custom_margin=\u00bb||1em||false|false\u00bb border_radii=\u00bbon|30px|30px|30px|30px\u00bb always_center_on_mobile=\u00bbon\u00bb global_colors_info=\u00bb{}\u00bb][\/et_pb_image][et_pb_text _builder_version=\u00bb4.20.4&#8243; _module_preset=\u00bbdefault\u00bb text_font=\u00bbCrimson Pro||||||||\u00bb text_text_color=\u00bb#A26737&#8243; text_font_size=\u00bb23px\u00bb text_orientation=\u00bbcenter\u00bb global_colors_info=\u00bb{}\u00bb]Consulta de fisioter\u00e0pia[\/et_pb_text][\/et_pb_column][\/et_pb_row][\/et_pb_section][et_pb_section fb_built=\u00bb1&#8243; _builder_version=\u00bb4.16&#8243; custom_padding=\u00bb30px|0px|33px|0px\u00bb global_colors_info=\u00bb{}\u00bb][et_pb_row column_structure=\u00bb1_3,1_3,1_3&#8243; _builder_version=\u00bb4.16&#8243; background_size=\u00bbinitial\u00bb background_position=\u00bbtop_left\u00bb background_repeat=\u00bbrepeat\u00bb custom_padding=\u00bb0px|0px|0px|0px\u00bb global_colors_info=\u00bb{}\u00bb][et_pb_column type=\u00bb1_3&#8243; _builder_version=\u00bb4.16&#8243; custom_padding=\u00bb|||\u00bb global_colors_info=\u00bb{}\u00bb custom_padding__hover=\u00bb|||\u00bb][et_pb_image src=\u00bbhttps:\/\/www.mouuautosuperat.info\/wp-content\/uploads\/2018\/09\/41215821_2346143682068283_3388760524035457024_n.jpg\u00bb show_in_lightbox=\u00bbon\u00bb show_bottom_space=\u00bboff\u00bb align_tablet=\u00bbcenter\u00bb align_phone=\u00bbcenter\u00bb align_last_edited=\u00bbon|desktop\u00bb _builder_version=\u00bb4.20.4&#8243; custom_margin=\u00bb||1em||false|false\u00bb border_radii=\u00bbon|30px|30px|30px|30px\u00bb always_center_on_mobile=\u00bbon\u00bb global_colors_info=\u00bb{}\u00bb][\/et_pb_image][et_pb_text _builder_version=\u00bb4.20.4&#8243; _module_preset=\u00bbdefault\u00bb text_font=\u00bbCrimson Pro||||||||\u00bb text_text_color=\u00bb#A26737&#8243; text_font_size=\u00bb23px\u00bb text_orientation=\u00bbcenter\u00bb global_colors_info=\u00bb{}\u00bb]Espai infantil a la sala d&#8217;espera[\/et_pb_text][\/et_pb_column][et_pb_column type=\u00bb1_3&#8243; _builder_version=\u00bb4.16&#8243; custom_padding=\u00bb|||\u00bb global_colors_info=\u00bb{}\u00bb custom_padding__hover=\u00bb|||\u00bb][et_pb_image src=\u00bbhttps:\/\/www.mouuautosuperat.info\/wp-content\/uploads\/2018\/09\/41321446_285614075374355_1142928554523099136_n.jpg\u00bb show_in_lightbox=\u00bbon\u00bb show_bottom_space=\u00bboff\u00bb align_tablet=\u00bbcenter\u00bb align_phone=\u00bbcenter\u00bb align_last_edited=\u00bbon|desktop\u00bb _builder_version=\u00bb4.20.4&#8243; custom_margin=\u00bb||1em||false|false\u00bb border_radii=\u00bbon|30px|30px|30px|30px\u00bb always_center_on_mobile=\u00bbon\u00bb global_colors_info=\u00bb{}\u00bb][\/et_pb_image][et_pb_text _builder_version=\u00bb4.20.4&#8243; _module_preset=\u00bbdefault\u00bb text_font=\u00bbCrimson Pro||||||||\u00bb text_text_color=\u00bb#A26737&#8243; text_font_size=\u00bb23px\u00bb text_orientation=\u00bbcenter\u00bb global_colors_info=\u00bb{}\u00bb]Recepci\u00f3[\/et_pb_text][\/et_pb_column][et_pb_column type=\u00bb1_3&#8243; _builder_version=\u00bb4.16&#8243; custom_padding=\u00bb|||\u00bb global_colors_info=\u00bb{}\u00bb custom_padding__hover=\u00bb|||\u00bb][et_pb_image src=\u00bbhttps:\/\/www.mouuautosuperat.info\/wp-content\/uploads\/2018\/09\/41360651_271601200120268_5885785811927957504_n.jpg\u00bb show_in_lightbox=\u00bbon\u00bb show_bottom_space=\u00bboff\u00bb align_tablet=\u00bbcenter\u00bb align_phone=\u00bbcenter\u00bb align_last_edited=\u00bbon|desktop\u00bb _builder_version=\u00bb4.20.4&#8243; custom_margin=\u00bb||1em||false|false\u00bb border_radii=\u00bbon|30px|30px|30px|30px\u00bb always_center_on_mobile=\u00bbon\u00bb global_colors_info=\u00bb{}\u00bb][\/et_pb_image][et_pb_text _builder_version=\u00bb4.20.4&#8243; _module_preset=\u00bbdefault\u00bb text_font=\u00bbCrimson Pro||||||||\u00bb text_text_color=\u00bb#A26737&#8243; text_font_size=\u00bb23px\u00bb text_orientation=\u00bbcenter\u00bb global_colors_info=\u00bb{}\u00bb]Consulta[\/et_pb_text][\/et_pb_column][\/et_pb_row][\/et_pb_section][et_pb_section fb_built=\u00bb1&#8243; _builder_version=\u00bb4.20.4&#8243; custom_padding=\u00bb30px|0px|8em|0px|false|false\u00bb global_colors_info=\u00bb{}\u00bb][et_pb_row column_structure=\u00bb1_2,1_2&#8243; _builder_version=\u00bb4.16&#8243; background_size=\u00bbinitial\u00bb background_position=\u00bbtop_left\u00bb background_repeat=\u00bbrepeat\u00bb custom_padding=\u00bb0px|0px|0px|0px\u00bb global_colors_info=\u00bb{}\u00bb][et_pb_column type=\u00bb1_2&#8243; _builder_version=\u00bb4.16&#8243; custom_padding=\u00bb|||\u00bb global_colors_info=\u00bb{}\u00bb custom_padding__hover=\u00bb|||\u00bb][et_pb_image src=\u00bbhttps:\/\/www.mouuautosuperat.info\/wp-content\/uploads\/2018\/09\/41303870_241329613235595_6035943937384906752_n.jpg\u00bb show_in_lightbox=\u00bbon\u00bb show_bottom_space=\u00bboff\u00bb align_tablet=\u00bbcenter\u00bb align_phone=\u00bbcenter\u00bb align_last_edited=\u00bbon|desktop\u00bb _builder_version=\u00bb4.20.4&#8243; custom_margin=\u00bb||1em||false|false\u00bb border_radii=\u00bbon|30px|30px|30px|30px\u00bb always_center_on_mobile=\u00bbon\u00bb global_colors_info=\u00bb{}\u00bb][\/et_pb_image][et_pb_text _builder_version=\u00bb4.20.4&#8243; _module_preset=\u00bbdefault\u00bb text_font=\u00bbCrimson Pro||||||||\u00bb text_text_color=\u00bb#A26737&#8243; text_font_size=\u00bb23px\u00bb text_orientation=\u00bbcenter\u00bb global_colors_info=\u00bb{}\u00bb]Rac\u00f3 de la calma[\/et_pb_text][\/et_pb_column][et_pb_column type=\u00bb1_2&#8243; _builder_version=\u00bb4.16&#8243; custom_padding=\u00bb|||\u00bb global_colors_info=\u00bb{}\u00bb custom_padding__hover=\u00bb|||\u00bb][et_pb_image src=\u00bbhttps:\/\/www.mouuautosuperat.info\/wp-content\/uploads\/2018\/09\/41745279_1896201893791372_2677146728703983616_n.jpg\u00bb show_in_lightbox=\u00bbon\u00bb show_bottom_space=\u00bboff\u00bb align_tablet=\u00bbcenter\u00bb align_phone=\u00bbcenter\u00bb align_last_edited=\u00bbon|desktop\u00bb _builder_version=\u00bb4.20.4&#8243; custom_margin=\u00bb||1em||false|false\u00bb border_radii=\u00bbon|30px|30px|30px|30px\u00bb always_center_on_mobile=\u00bbon\u00bb global_colors_info=\u00bb{}\u00bb][\/et_pb_image][et_pb_text _builder_version=\u00bb4.20.4&#8243; _module_preset=\u00bbdefault\u00bb text_font=\u00bbCrimson Pro||||||||\u00bb text_text_color=\u00bb#A26737&#8243; text_font_size=\u00bb23px\u00bb text_orientation=\u00bbcenter\u00bb global_colors_info=\u00bb{}\u00bb]Banyeres d&#8217;hidromassatge per a nadons[\/et_pb_text][\/et_pb_column][\/et_pb_row][\/et_pb_section]<\/p>\n","protected":false},"excerpt":{"rendered":"<p>Al centre m\u00f2uu atenem a totes les necessitatsA les nostres instal\u00b7lacions et sentir\u00e0s com a casa, procuprem crear un espai on puguis connectar amb tu mateixa.Sala d&#8217;activitats grupalsConsulta de fisioter\u00e0piaEspai infantil a la sala d&#8217;esperaRecepci\u00f3ConsultaRac\u00f3 de la calmaBanyeres d&#8217;hidromassatge per a nadons<\/p>\n","protected":false},"author":3,"featured_media":0,"parent":0,"menu_order":0,"comment_status":"open","ping_status":"open","template":"","meta":{"_acf_changed":false,"_et_pb_use_builder":"on","_et_pb_old_content":"<h2>Atenem a totes les edats, aplicant diferents t\u00e8cniques:<\/h2><p>\u00a0<\/p><ul><li><span style=\"color: #f5adcc;\"><strong>Kinesiologia<\/strong><\/span>: Ens<span style=\"color: #000000;\"> permet q<\/span>ue necessitem per recuperar l'equilibri f\u00edsic, postural, qu\u00edmic, energ\u00e8tic i emocional. Accedir i canviar la mem\u00f2ria cel\u00b7lular que guarda la informaci\u00f3 del nostre estat actual i del passat i recuperar la capacitat del nostre cos per autosanar-se.<\/li><\/ul><p>\u00a0<\/p><ul><li><span style=\"color: #95c5e2;\"><strong>Brain Gym<\/strong><\/span>: T\u00e9 com a objectiu millorar la qualitat de l'aprenentatge de les persones, que es concreta en: promoure l'aprenentatge de forma l\u00fadica i divertida, potenciar la nostra intel\u00b7lig\u00e8ncia innata, construir l'aprenentatge a partir dels moviments que es fan en la vida quotidiana i potenciar les habilitats.<\/li><\/ul><p>\u00a0<\/p><ul><li><span style=\"color: #84d1a5;\"><b>Gimn\u00e0stica Visual: <\/b><\/span>T\u00e9 com objectiu millorar la qualitat visual, mitjan\u00e7ant \u00a0diferents activitats oculars.<\/li><\/ul><p>\u00a0<\/p><ul><li><span style=\"color: #ffcc99;\"><strong>Ter\u00e0pia de Moviments R\u00edtmics<\/strong> :<\/span>\u00a0Exercicis que impliquen tot el cos, imitant els moviments que fan els beb\u00e8s de manera natural. Aquests s\u2019apliquen per ajudar a inhibir els reflexos primaris que hagin quedat actius.<\/li><\/ul><p>\u00a0<\/p><ul><li><strong><span style=\"color: #ecb6f2;\">Blocs d'aprenentatge basat en el Moviment<\/span>:<\/strong> \u00a0Moviments que es realitzen per a persones amb necessitats especials per realitzar estimulaci\u00f3 cerebral i millorar la seva qualitat de vida.<\/li><\/ul><p>\u00a0<\/p><ul><li><strong><span style=\"color: #a8ccb4;\">Neuropsicologia\u00a0<\/span><\/strong><span style=\"color: #a8ccb4;\"><b>cl\u00ednica<\/b><\/span>: Fomentar autonomia i funcionalitat, aix\u00ed com rehabilitar les alteracions cognitives.<\/li><\/ul><p>\u00a0<\/p><ul><li><strong><span style=\"color: #fed97e;\">Toc Zen<\/span><\/strong>: Es basa en la respiraci\u00f3 conscient, la meditaci\u00f3 i l'estimulaci\u00f3 dels punts energ\u00e8tics per eliminar possibles bloqueigs i permetre que la energia flueixi correctament pel cos.<\/li><\/ul><p>\u00a0<\/p><ul><li><strong><span style=\"color: #95c5e2;\">Flors de Bach<\/span><\/strong>: Actuen sobre els patrons negatius de les emocions, disminuint l\u2019odi, la por, la inseguretat, la depressi\u00f3, la culpa, l\u2019ansietat, l\u2019angoixa\u2026 ajudant a restablir l\u2019equilibri emocional vers l\u2019emoci\u00f3 corresponent positiva.<\/li><\/ul><p>\u00a0<\/p><ul><li><strong><span style=\"color: #ff99cc;\">Babymouu<\/span>:<\/strong> Programa d'estimulaci\u00f3 i relaxaci\u00f3 per els m\u00e9s petits de la casa. Tot un conjunt de t\u00e8cniques per estimular i relaxar. Aconseguint una millor qualitat de vida. Com a novetat comencem a fer<span style=\"color: #ff99cc;\"><strong> HIDROTER\u00c0PIA PER NADONS.\u00a0<\/strong><\/span><\/li><\/ul><p>\u00a0<\/p><ul><li><span style=\"color: #99cc00;\"><strong>M\u00e8tode NACES<\/strong><span style=\"color: #000000;\">:<\/span>\u00a0<span style=\"color: #000000;\">Treball amb l'inconscient que permet conectar amb la sabidur\u00eda del cos, fomenta la comunicaci\u00f3 amb el nado, enforteix la relaci\u00f3 amb la parella, allibera les emocions negatives que es puguin transmetre i uneix pensament, emoci\u00f3 i resposta neurofisiol\u00f2gica per facilitar el moment del part. \u00a0<\/span><\/span><\/li><\/ul><p>\u00a0<\/p><ul><li><span style=\"color: #ffcc00;\"><strong>Haptofonoembriologia<\/strong><span style=\"color: #000000;\">: Comunicaci\u00f3 i percepci\u00f3 sensorial sonora - psico - t\u00e0ctil del nado intrauter\u00ed.\u00a0<\/span><\/span><\/li><\/ul>","_et_gb_content_width":"","footnotes":""},"class_list":["post-243356","page","type-page","status-publish","hentry"],"acf":[],"yoast_head":"<!-- This site is optimized with the Yoast SEO plugin v27.4 - https:\/\/yoast.com\/product\/yoast-seo-wordpress\/ -->\n<title>El centro - M\u00f2uu autosupera&#039;t<\/title>\n<meta name=\"robots\" content=\"index, follow, max-snippet:-1, max-image-preview:large, max-video-preview:-1\" \/>\n<link rel=\"canonical\" href=\"https:\/\/www.mouuautosuperat.info\/es\/el-centro\/\" \/>\n<meta property=\"og:locale\" content=\"es_ES\" \/>\n<meta property=\"og:type\" content=\"article\" \/>\n<meta property=\"og:title\" content=\"El centro - M\u00f2uu autosupera&#039;t\" \/>\n<meta property=\"og:description\" content=\"Al centre m\u00f2uu atenem a totes les necessitatsA les nostres instal\u00b7lacions et sentir\u00e0s com a casa, procuprem crear un espai on puguis connectar amb tu mateixa.Sala d&#039;activitats grupalsConsulta de fisioter\u00e0piaEspai infantil a la sala d&#039;esperaRecepci\u00f3ConsultaRac\u00f3 de la calmaBanyeres d&#039;hidromassatge per a nadons\" \/>\n<meta property=\"og:url\" content=\"https:\/\/www.mouuautosuperat.info\/es\/el-centro\/\" \/>\n<meta property=\"og:site_name\" content=\"M\u00f2uu autosupera&#039;t\" \/>\n<meta property=\"article:publisher\" content=\"https:\/\/www.facebook.com\/MOUUAUTOSUPERAT\/\" \/>\n<meta property=\"article:modified_time\" content=\"2023-10-23T12:05:15+00:00\" \/>\n<meta name=\"twitter:card\" content=\"summary_large_image\" \/>\n<meta name=\"twitter:label1\" content=\"Tiempo de lectura\" \/>\n\t<meta name=\"twitter:data1\" content=\"2 minutos\" \/>\n<script type=\"application\/ld+json\" class=\"yoast-schema-graph\">{\"@context\":\"https:\\\/\\\/schema.org\",\"@graph\":[{\"@type\":\"WebPage\",\"@id\":\"https:\\\/\\\/www.mouuautosuperat.info\\\/es\\\/el-centro\\\/\",\"url\":\"https:\\\/\\\/www.mouuautosuperat.info\\\/es\\\/el-centro\\\/\",\"name\":\"El centro - M\u00f2uu autosupera&#039;t\",\"isPartOf\":{\"@id\":\"https:\\\/\\\/www.mouuautosuperat.info\\\/#website\"},\"datePublished\":\"2018-09-09T10:13:30+00:00\",\"dateModified\":\"2023-10-23T12:05:15+00:00\",\"breadcrumb\":{\"@id\":\"https:\\\/\\\/www.mouuautosuperat.info\\\/es\\\/el-centro\\\/#breadcrumb\"},\"inLanguage\":\"es\",\"potentialAction\":[{\"@type\":\"ReadAction\",\"target\":[\"https:\\\/\\\/www.mouuautosuperat.info\\\/es\\\/el-centro\\\/\"]}]},{\"@type\":\"BreadcrumbList\",\"@id\":\"https:\\\/\\\/www.mouuautosuperat.info\\\/es\\\/el-centro\\\/#breadcrumb\",\"itemListElement\":[{\"@type\":\"ListItem\",\"position\":1,\"name\":\"Portada\",\"item\":\"https:\\\/\\\/www.mouuautosuperat.info\\\/\"},{\"@type\":\"ListItem\",\"position\":2,\"name\":\"El centro\"}]},{\"@type\":\"WebSite\",\"@id\":\"https:\\\/\\\/www.mouuautosuperat.info\\\/#website\",\"url\":\"https:\\\/\\\/www.mouuautosuperat.info\\\/\",\"name\":\"M\u00f2uu Autosupera't\",\"description\":\"Neuropsicologia, Psicologia Cl\u00ednica, Kinesiologia i Ter\u00e0pia Zen\",\"publisher\":{\"@id\":\"https:\\\/\\\/www.mouuautosuperat.info\\\/#organization\"},\"potentialAction\":[{\"@type\":\"SearchAction\",\"target\":{\"@type\":\"EntryPoint\",\"urlTemplate\":\"https:\\\/\\\/www.mouuautosuperat.info\\\/?s={search_term_string}\"},\"query-input\":{\"@type\":\"PropertyValueSpecification\",\"valueRequired\":true,\"valueName\":\"search_term_string\"}}],\"inLanguage\":\"es\"},{\"@type\":\"Organization\",\"@id\":\"https:\\\/\\\/www.mouuautosuperat.info\\\/#organization\",\"name\":\"M\u00f2uu Autosupera't\",\"url\":\"https:\\\/\\\/www.mouuautosuperat.info\\\/\",\"logo\":{\"@type\":\"ImageObject\",\"inLanguage\":\"es\",\"@id\":\"https:\\\/\\\/www.mouuautosuperat.info\\\/#\\\/schema\\\/logo\\\/image\\\/\",\"url\":\"http:\\\/\\\/www.mouuautosuperat.info\\\/wp-content\\\/uploads\\\/2015\\\/05\\\/logo.png\",\"contentUrl\":\"http:\\\/\\\/www.mouuautosuperat.info\\\/wp-content\\\/uploads\\\/2015\\\/05\\\/logo.png\",\"width\":135,\"height\":39,\"caption\":\"M\u00f2uu Autosupera't\"},\"image\":{\"@id\":\"https:\\\/\\\/www.mouuautosuperat.info\\\/#\\\/schema\\\/logo\\\/image\\\/\"},\"sameAs\":[\"https:\\\/\\\/www.facebook.com\\\/MOUUAUTOSUPERAT\\\/\"]}]}<\/script>\n<!-- \/ Yoast SEO plugin. -->","yoast_head_json":{"title":"El centro - M\u00f2uu autosupera&#039;t","robots":{"index":"index","follow":"follow","max-snippet":"max-snippet:-1","max-image-preview":"max-image-preview:large","max-video-preview":"max-video-preview:-1"},"canonical":"https:\/\/www.mouuautosuperat.info\/es\/el-centro\/","og_locale":"es_ES","og_type":"article","og_title":"El centro - M\u00f2uu autosupera&#039;t","og_description":"Al centre m\u00f2uu atenem a totes les necessitatsA les nostres instal\u00b7lacions et sentir\u00e0s com a casa, procuprem crear un espai on puguis connectar amb tu mateixa.Sala d'activitats grupalsConsulta de fisioter\u00e0piaEspai infantil a la sala d'esperaRecepci\u00f3ConsultaRac\u00f3 de la calmaBanyeres d'hidromassatge per a nadons","og_url":"https:\/\/www.mouuautosuperat.info\/es\/el-centro\/","og_site_name":"M\u00f2uu autosupera&#039;t","article_publisher":"https:\/\/www.facebook.com\/MOUUAUTOSUPERAT\/","article_modified_time":"2023-10-23T12:05:15+00:00","twitter_card":"summary_large_image","twitter_misc":{"Tiempo de lectura":"2 minutos"},"schema":{"@context":"https:\/\/schema.org","@graph":[{"@type":"WebPage","@id":"https:\/\/www.mouuautosuperat.info\/es\/el-centro\/","url":"https:\/\/www.mouuautosuperat.info\/es\/el-centro\/","name":"El centro - M\u00f2uu autosupera&#039;t","isPartOf":{"@id":"https:\/\/www.mouuautosuperat.info\/#website"},"datePublished":"2018-09-09T10:13:30+00:00","dateModified":"2023-10-23T12:05:15+00:00","breadcrumb":{"@id":"https:\/\/www.mouuautosuperat.info\/es\/el-centro\/#breadcrumb"},"inLanguage":"es","potentialAction":[{"@type":"ReadAction","target":["https:\/\/www.mouuautosuperat.info\/es\/el-centro\/"]}]},{"@type":"BreadcrumbList","@id":"https:\/\/www.mouuautosuperat.info\/es\/el-centro\/#breadcrumb","itemListElement":[{"@type":"ListItem","position":1,"name":"Portada","item":"https:\/\/www.mouuautosuperat.info\/"},{"@type":"ListItem","position":2,"name":"El centro"}]},{"@type":"WebSite","@id":"https:\/\/www.mouuautosuperat.info\/#website","url":"https:\/\/www.mouuautosuperat.info\/","name":"M\u00f2uu Autosupera't","description":"Neuropsicologia, Psicologia Cl\u00ednica, Kinesiologia i Ter\u00e0pia Zen","publisher":{"@id":"https:\/\/www.mouuautosuperat.info\/#organization"},"potentialAction":[{"@type":"SearchAction","target":{"@type":"EntryPoint","urlTemplate":"https:\/\/www.mouuautosuperat.info\/?s={search_term_string}"},"query-input":{"@type":"PropertyValueSpecification","valueRequired":true,"valueName":"search_term_string"}}],"inLanguage":"es"},{"@type":"Organization","@id":"https:\/\/www.mouuautosuperat.info\/#organization","name":"M\u00f2uu Autosupera't","url":"https:\/\/www.mouuautosuperat.info\/","logo":{"@type":"ImageObject","inLanguage":"es","@id":"https:\/\/www.mouuautosuperat.info\/#\/schema\/logo\/image\/","url":"http:\/\/www.mouuautosuperat.info\/wp-content\/uploads\/2015\/05\/logo.png","contentUrl":"http:\/\/www.mouuautosuperat.info\/wp-content\/uploads\/2015\/05\/logo.png","width":135,"height":39,"caption":"M\u00f2uu Autosupera't"},"image":{"@id":"https:\/\/www.mouuautosuperat.info\/#\/schema\/logo\/image\/"},"sameAs":["https:\/\/www.facebook.com\/MOUUAUTOSUPERAT\/"]}]}},"_links":{"self":[{"href":"https:\/\/www.mouuautosuperat.info\/es\/wp-json\/wp\/v2\/pages\/243356","targetHints":{"allow":["GET"]}}],"collection":[{"href":"https:\/\/www.mouuautosuperat.info\/es\/wp-json\/wp\/v2\/pages"}],"about":[{"href":"https:\/\/www.mouuautosuperat.info\/es\/wp-json\/wp\/v2\/types\/page"}],"author":[{"embeddable":true,"href":"https:\/\/www.mouuautosuperat.info\/es\/wp-json\/wp\/v2\/users\/3"}],"replies":[{"embeddable":true,"href":"https:\/\/www.mouuautosuperat.info\/es\/wp-json\/wp\/v2\/comments?post=243356"}],"version-history":[{"count":3,"href":"https:\/\/www.mouuautosuperat.info\/es\/wp-json\/wp\/v2\/pages\/243356\/revisions"}],"predecessor-version":[{"id":243360,"href":"https:\/\/www.mouuautosuperat.info\/es\/wp-json\/wp\/v2\/pages\/243356\/revisions\/243360"}],"wp:attachment":[{"href":"https:\/\/www.mouuautosuperat.info\/es\/wp-json\/wp\/v2\/media?parent=243356"}],"curies":[{"name":"wp","href":"https:\/\/api.w.org\/{rel}","templated":true}]}}