{"id":2782,"date":"2015-06-01T10:30:49","date_gmt":"2015-06-01T10:30:49","guid":{"rendered":"http:\/\/www.mouuautosuperat.info\/avis-legal\/"},"modified":"2023-03-30T17:22:41","modified_gmt":"2023-03-30T17:22:41","slug":"avis-legal","status":"publish","type":"page","link":"https:\/\/www.mouuautosuperat.info\/es\/avis-legal\/","title":{"rendered":"Av\u00eds Legal"},"content":{"rendered":"<p>[et_pb_section fb_built=\u00bb1&#8243; admin_label=\u00bbsection\u00bb _builder_version=\u00bb4.16&#8243; global_colors_info=\u00bb{}\u00bb][et_pb_row admin_label=\u00bbrow\u00bb _builder_version=\u00bb4.16&#8243; background_size=\u00bbinitial\u00bb background_position=\u00bbtop_left\u00bb background_repeat=\u00bbrepeat\u00bb global_colors_info=\u00bb{}\u00bb][et_pb_column type=\u00bb4_4&#8243; _builder_version=\u00bb4.16&#8243; custom_padding=\u00bb|||\u00bb global_colors_info=\u00bb{}\u00bb custom_padding__hover=\u00bb|||\u00bb][et_pb_text admin_label=\u00bbText\u00bb _builder_version=\u00bb4.20.2&#8243; background_size=\u00bbinitial\u00bb background_position=\u00bbtop_left\u00bb background_repeat=\u00bbrepeat\u00bb hover_enabled=\u00bb0&#8243; global_colors_info=\u00bb{}\u00bb sticky_enabled=\u00bb0&#8243;]<\/p>\n<p>CENTRE M\u00d2UU<\/p>\n<p>MARINA ARENY BALAGUER\u00d3<\/p>\n<p>DNI:\u00a047168911M<\/p>\n<p>\u00a0<\/p>\n<p>CENTRE M\u00d2UU\u00a0podr\u00e0 realitzar, en qualsevol moment i sense necessitat de previ av\u00eds, modificacions i actualitzacions respecte a la informaci\u00f3 continguda en la seva web, o en la seva configuraci\u00f3 o presentaci\u00f3.<\/p>\n<p>\u00a0<\/p>\n<p>CENTRE M\u00d2UU realitza tots els esfor\u00e7os possibles perqu\u00e8 la informaci\u00f3 subministrada a trav\u00e9s de la seva p\u00e0gina web sigui clara, comprensible i adequada, aix\u00ed com per a evitar errors en la mesura del possible i, si escau, reparar-los o actualitzar-los. No obstant aix\u00f2, CENTRE M\u00d2UU no pot garantir la inexist\u00e8ncia d&#8217;errors ni que el contingut de la informaci\u00f3 es trobi permanentment actualitzat.<\/p>\n<p>\u00a0<\/p>\n<p>Els drets de propietat intel\u00b7lectual dels continguts, textos, guies, distintius corporatius, imatges, et altera d&#8217;aquest lloc Web s\u00f3n propietat de CENTRE M\u00d2UU i, quan correspongui, de les restants associacions i entitats esmentades en aquesta p\u00e0gina, estant protegits per l&#8217;ordenament jur\u00eddic espanyol i per les normes comunit\u00e0ries i internacionals que resultin d&#8217;aplicaci\u00f3.<\/p>\n<p>\u00a0<\/p>\n<p>La reproducci\u00f3, distribuci\u00f3, comercialitzaci\u00f3 o transformaci\u00f3 no autoritzades d&#8217;aquests continguts -estalvi en els sup\u00f2sits permesos legalment per a \u00fas personal i privat-, constitueixen una infracci\u00f3 dels drets de propietat intel\u00b7lectual de CENTRE M\u00d2UU o d&#8217;aquell que sigui titular.<\/p>\n<p>\u00a0<\/p>\n<p>Queda prohibida la reproducci\u00f3, total o parcial, distribuci\u00f3, comercialitzaci\u00f3 o transformaci\u00f3 de qualsevol dels continguts de la p\u00e0gina web sense la pr\u00e8via autoritzaci\u00f3 escrita de CENTRE M\u00d2UU.<\/p>\n<p>\u00a0<\/p>\n<p>S&#8217;autoritza la impressi\u00f3 i desc\u00e0rrega d&#8217;extractes dels continguts de la p\u00e0gina web de CENTRE M\u00d2UU \u00fanicament quan es realitzin per a \u00fas personal i privat. Les sol\u00b7licituds a aquests efectes podran dirigir-se a mouuautosuperat@hotmail.es. Per a exercir el dret de cita, haur\u00e0 d&#8217;esmentar-se CENTRE M\u00d2UU\u00a0com titular dels extractes dels continguts o documents al\u00b7ludits, aix\u00ed com la p\u00e0gina web WWW.MOUUAUTOSUPERAT.INFO com font de la informaci\u00f3 quan correspongui.<\/p>\n<p>\u00a0<\/p>\n<p>En aquells casos que els extractes dels continguts o documents inclosos en la p\u00e0gina web siguin titularitat d&#8217;un tercer, haur\u00e0 d&#8217;indicar-se \u00ab\u00a9 (nom del titular) segons apareix publicat en la p\u00e0gina web de CENTRE M\u00d2UU. En qualsevol cas, haur\u00e0 d&#8217;informar-se per correu electr\u00f2nic a l&#8217;adre\u00e7a mouuautosuperat@hotmail.es.<\/p>\n<p>\u00a0<\/p>\n<p>CENTRE M\u00d2UU\u00a0no es responsabilitza del possible \u00fas inadequat que tercers realitzin d&#8217;aquesta p\u00e0gina web, ni de la informaci\u00f3 que a trav\u00e9s d&#8217;ella transmetin a tercers. Els continguts proporcionats a trav\u00e9s d&#8217;aquesta p\u00e0gina web tenen car\u00e0cter merament informatiu, pel que l&#8217;\u00fas que d&#8217;aquests pugui fer l&#8217;usuari i les eventuals conseq\u00fc\u00e8ncies, danys o perjudicis que poguessin derivar-se, s\u00f3n de l&#8217;exclusiva responsabilitat de l&#8217;usuari.<\/p>\n<p>\u00a0<\/p>\n<p>CENTRE M\u00d2UU es reserva el dret d&#8217;exercitar les accions legals que consideri oportunes derivades de qualssevol us il\u00b7l\u00edcit per part de tercers dels continguts de la seva p\u00e0gina web.<\/p>\n<p>\u00a0<\/p>\n<p>Tots les dades de car\u00e0cter personal que se sol\u00b7liciten en la p\u00e0gina web, s\u00f3n recaptats per a la correcta gesti\u00f3 de les activitats de CENTRE M\u00d2UU.<\/p>\n<p>\u00a0<\/p>\n<p>En cap cas seran utilitzats per a fins distints o cedits a tercers. CENTRE M\u00d2UU est\u00e0 clarament posicionada en contra del \u00abspam\u00bb, pel que en cap cas utilitzar\u00e0 les dades personals per a l&#8217;enviament de comunicacions comercials no sol\u00b7licitades sense la seva autoritzaci\u00f3.<\/p>\n<p>\u00a0<\/p>\n<p>Les dades de car\u00e0cter personal que puguin sol\u00b7licitar-se en formularis en la p\u00e0gina web, s\u00f3n incorporats als fitxers de tractament de dades que CENTRE M\u00d2UU\u00a0t\u00e9 convenientment assegurats en el seu poder.<\/p>\n<p>\u00a0<\/p>\n<p>Aquesta p\u00e0gina web no utilitza tecnologia \u00abcookies\u00bb associades ni emmagatzema informaci\u00f3 alguna en l&#8217;equip des del qual s&#8217;accedeix. Tampoc utilitza cap dispositiu que recapti informaci\u00f3 personalitzada sobre la navegaci\u00f3 dels usuaris. No obstant aix\u00f2, CENTRE M\u00d2UU\u00a0es reserva el seu possible \u00fas en el futur, amb l&#8217;\u00fanic fi de facilitar la navegaci\u00f3 i usabilitat a qui accedeix a la seva p\u00e0gina web, informant adequadament sobre aix\u00f2.<\/p>\n<p>CENTRE M\u00d2UU \u00e9s l&#8217;\u00f2rgan responsable del tractament de les dades. Els drets d&#8217;acc\u00e9s, rectificaci\u00f3, cancel\u00b7laci\u00f3 i oposici\u00f3 reconeguts en la Llei Org\u00e0nica 15\/1999, de 13 de desembre, de Protecci\u00f3 de Dades Personals haurien d&#8217;exercir-se dirigint un escrit al Departament d&#8217;Atenci\u00f3 al Client de CENTRE M\u00d2UU mitjan\u00e7ant correu electr\u00f2nic a l&#8217;adre\u00e7a mouuautosuperat@hotmail.es o correu postal a ST. Antoni M. Claret 18, entresol 9 &#8211; 08202 sabadell (barcelona), a l&#8217;atenci\u00f3 del Departament d&#8217;Atenci\u00f3 al Client de CENTRE M\u00d2UU.<\/p>\n<p>[\/et_pb_text][\/et_pb_column][\/et_pb_row][\/et_pb_section]<\/p>\n","protected":false},"excerpt":{"rendered":"<p>CENTRE M\u00d2UUMARINA ARENY BALAGUER\u00d3DNI:\u00a047168911M\u00a0CENTRE M\u00d2UU\u00a0podr\u00e0 realitzar, en qualsevol moment i sense necessitat de previ av\u00eds, modificacions i actualitzacions respecte a la informaci\u00f3 continguda en la seva web, o en la seva configuraci\u00f3 o presentaci\u00f3.\u00a0CENTRE M\u00d2UU realitza tots els esfor\u00e7os possibles perqu\u00e8 la informaci\u00f3 subministrada a trav\u00e9s de la seva p\u00e0gina web sigui clara, comprensible i adequada, aix\u00ed com per a evitar errors en la mesura del possible i, si escau, reparar-los o actualitzar-los. No obstant aix\u00f2, CENTRE M\u00d2UU no pot garantir la inexist\u00e8ncia d&#8217;errors ni que el contingut de la informaci\u00f3 es trobi permanentment actualitzat.\u00a0Els drets de propietat intel\u00b7lectual dels continguts, textos, guies, distintius corporatius, imatges, et altera d&#8217;aquest lloc Web s\u00f3n propietat de CENTRE M\u00d2UU i, quan correspongui, de les restants associacions i entitats esmentades en aquesta p\u00e0gina, estant protegits per l&#8217;ordenament jur\u00eddic espanyol i per les normes comunit\u00e0ries i internacionals que resultin d&#8217;aplicaci\u00f3.\u00a0La reproducci\u00f3, distribuci\u00f3, comercialitzaci\u00f3 o transformaci\u00f3 no autoritzades d&#8217;aquests continguts -estalvi en els sup\u00f2sits permesos legalment per a \u00fas personal i privat-, constitueixen una infracci\u00f3 dels drets de propietat intel\u00b7lectual de CENTRE M\u00d2UU o d&#8217;aquell que sigui titular.\u00a0Queda prohibida la reproducci\u00f3, total o parcial, distribuci\u00f3, comercialitzaci\u00f3 o transformaci\u00f3 de qualsevol dels continguts de la p\u00e0gina web [&hellip;]<\/p>\n","protected":false},"author":3,"featured_media":0,"parent":0,"menu_order":0,"comment_status":"open","ping_status":"open","template":"","meta":{"_acf_changed":false,"_et_pb_use_builder":"on","_et_pb_old_content":"<p>CENTRE M\u00d2UU<\/p><p>MARINA ARENY BALAGUER\u00d3<\/p><p>DNI:\u00a047168911M<\/p><p>\u00a0<\/p><p>CENTRE M\u00d2UU\u00a0podr\u00e0 realitzar, en qualsevol moment i sense necessitat de previ av\u00eds, modificacions i actualitzacions respecte a la informaci\u00f3 continguda en la seva web, o en la seva configuraci\u00f3 o presentaci\u00f3.<\/p><p>\u00a0<\/p><p>CENTRE M\u00d2UU realitza tots els esfor\u00e7os possibles perqu\u00e8 la informaci\u00f3 subministrada a trav\u00e9s de la seva p\u00e0gina web sigui clara, comprensible i adequada, aix\u00ed com per a evitar errors en la mesura del possible i, si escau, reparar-los o actualitzar-los. No obstant aix\u00f2, CENTRE M\u00d2UU no pot garantir la inexist\u00e8ncia d'errors ni que el contingut de la informaci\u00f3 es trobi permanentment actualitzat.<\/p><p>\u00a0<\/p><p>Els drets de propietat intel\u00b7lectual dels continguts, textos, guies, distintius corporatius, imatges, et altera d'aquest lloc Web s\u00f3n propietat de CENTRE M\u00d2UU i, quan correspongui, de les restants associacions i entitats esmentades en aquesta p\u00e0gina, estant protegits per l'ordenament jur\u00eddic espanyol i per les normes comunit\u00e0ries i internacionals que resultin d'aplicaci\u00f3.<\/p><p>\u00a0<\/p><p>La reproducci\u00f3, distribuci\u00f3, comercialitzaci\u00f3 o transformaci\u00f3 no autoritzades d'aquests continguts -estalvi en els sup\u00f2sits permesos legalment per a \u00fas personal i privat-, constitueixen una infracci\u00f3 dels drets de propietat intel\u00b7lectual de CENTRE M\u00d2UU o d'aquell que sigui titular.<\/p><p>\u00a0<\/p><p>Queda prohibida la reproducci\u00f3, total o parcial, distribuci\u00f3, comercialitzaci\u00f3 o transformaci\u00f3 de qualsevol dels continguts de la p\u00e0gina web sense la pr\u00e8via autoritzaci\u00f3 escrita de CENTRE M\u00d2UU.<\/p><p>\u00a0<\/p><p>S'autoritza la impressi\u00f3 i desc\u00e0rrega d'extractes dels continguts de la p\u00e0gina web de CENTRE M\u00d2UU \u00fanicament quan es realitzin per a \u00fas personal i privat. Les sol\u00b7licituds a aquests efectes podran dirigir-se a mouuautosuperat@hotmail.es. Per a exercir el dret de cita, haur\u00e0 d'esmentar-se CENTRE M\u00d2UU\u00a0com titular dels extractes dels continguts o documents al\u00b7ludits, aix\u00ed com la p\u00e0gina web WWW.MOUUAUTOSUPERAT.INFO com font de la informaci\u00f3 quan correspongui.<\/p><p>\u00a0<\/p><p>En aquells casos que els extractes dels continguts o documents inclosos en la p\u00e0gina web siguin titularitat d'un tercer, haur\u00e0 d'indicar-se \"\u00a9 (nom del titular) segons apareix publicat en la p\u00e0gina web de CENTRE M\u00d2UU. En qualsevol cas, haur\u00e0 d'informar-se per correu electr\u00f2nic a l'adre\u00e7a mouuautosuperat@hotmail.es.<\/p><p>\u00a0<\/p><p>CENTRE M\u00d2UU\u00a0no es responsabilitza del possible \u00fas inadequat que tercers realitzin d'aquesta p\u00e0gina web, ni de la informaci\u00f3 que a trav\u00e9s d'ella transmetin a tercers. Els continguts proporcionats a trav\u00e9s d'aquesta p\u00e0gina web tenen car\u00e0cter merament informatiu, pel que l'\u00fas que d'aquests pugui fer l'usuari i les eventuals conseq\u00fc\u00e8ncies, danys o perjudicis que poguessin derivar-se, s\u00f3n de l'exclusiva responsabilitat de l'usuari.<\/p><p>\u00a0<\/p><p>CENTRE M\u00d2UU es reserva el dret d'exercitar les accions legals que consideri oportunes derivades de qualssevol us il\u00b7l\u00edcit per part de tercers dels continguts de la seva p\u00e0gina web.<\/p><p>\u00a0<\/p><p>Tots les dades de car\u00e0cter personal que se sol\u00b7liciten en la p\u00e0gina web, s\u00f3n recaptats per a la correcta gesti\u00f3 de les activitats de CENTRE M\u00d2UU.<\/p><p>\u00a0<\/p><p>En cap cas seran utilitzats per a fins distints o cedits a tercers. CENTRE M\u00d2UU est\u00e0 clarament posicionada en contra del \"spam\", pel que en cap cas utilitzar\u00e0 les dades personals per a l'enviament de comunicacions comercials no sol\u00b7licitades sense la seva autoritzaci\u00f3.<\/p><p>\u00a0<\/p><p>Les dades de car\u00e0cter personal que puguin sol\u00b7licitar-se en formularis en la p\u00e0gina web, s\u00f3n incorporats als fitxers de tractament de dades que CENTRE M\u00d2UU\u00a0t\u00e9 convenientment assegurats en el seu poder.<\/p><p>\u00a0<\/p><p>Aquesta p\u00e0gina web no utilitza tecnologia \"cookies\" associades ni emmagatzema informaci\u00f3 alguna en l'equip des del qual s'accedeix. Tampoc utilitza cap dispositiu que recapti informaci\u00f3 personalitzada sobre la navegaci\u00f3 dels usuaris. No obstant aix\u00f2, CENTRE M\u00d2UU\u00a0es reserva el seu possible \u00fas en el futur, amb l'\u00fanic fi de facilitar la navegaci\u00f3 i usabilitat a qui accedeix a la seva p\u00e0gina web, informant adequadament sobre aix\u00f2.<\/p><p>CENTRE M\u00d2UU \u00e9s l'\u00f2rgan responsable del tractament de les dades. Els drets d'acc\u00e9s, rectificaci\u00f3, cancel\u00b7laci\u00f3 i oposici\u00f3 reconeguts en la Llei Org\u00e0nica 15\/1999, de 13 de desembre, de Protecci\u00f3 de Dades Personals haurien d'exercir-se dirigint un escrit al Departament d'Atenci\u00f3 al Client de CENTRE M\u00d2UU mitjan\u00e7ant correu electr\u00f2nic a l'adre\u00e7a mouuautosuperat@hotmail.es o correu postal a ST. Antoni M. Claret 18, entresol 9 - 08202 sabadell (barcelona), a l'atenci\u00f3 del Departament d'Atenci\u00f3 al Client de CENTRE M\u00d2UU.<\/p>","_et_gb_content_width":"","footnotes":""},"class_list":["post-2782","page","type-page","status-publish","hentry"],"acf":[],"yoast_head":"<!-- This site is optimized with the Yoast SEO plugin v27.4 - https:\/\/yoast.com\/product\/yoast-seo-wordpress\/ -->\n<title>Av\u00eds Legal - M\u00f2uu autosupera&#039;t<\/title>\n<meta name=\"robots\" content=\"index, follow, max-snippet:-1, max-image-preview:large, max-video-preview:-1\" \/>\n<link rel=\"canonical\" href=\"https:\/\/www.mouuautosuperat.info\/es\/avis-legal\/\" \/>\n<meta property=\"og:locale\" content=\"es_ES\" \/>\n<meta property=\"og:type\" content=\"article\" \/>\n<meta property=\"og:title\" content=\"Av\u00eds Legal - M\u00f2uu autosupera&#039;t\" \/>\n<meta property=\"og:description\" content=\"CENTRE M\u00d2UUMARINA ARENY BALAGUER\u00d3DNI:\u00a047168911M\u00a0CENTRE M\u00d2UU\u00a0podr\u00e0 realitzar, en qualsevol moment i sense necessitat de previ av\u00eds, modificacions i actualitzacions respecte a la informaci\u00f3 continguda en la seva web, o en la seva configuraci\u00f3 o presentaci\u00f3.\u00a0CENTRE M\u00d2UU realitza tots els esfor\u00e7os possibles perqu\u00e8 la informaci\u00f3 subministrada a trav\u00e9s de la seva p\u00e0gina web sigui clara, comprensible i adequada, aix\u00ed com per a evitar errors en la mesura del possible i, si escau, reparar-los o actualitzar-los. No obstant aix\u00f2, CENTRE M\u00d2UU no pot garantir la inexist\u00e8ncia d&#039;errors ni que el contingut de la informaci\u00f3 es trobi permanentment actualitzat.\u00a0Els drets de propietat intel\u00b7lectual dels continguts, textos, guies, distintius corporatius, imatges, et altera d&#039;aquest lloc Web s\u00f3n propietat de CENTRE M\u00d2UU i, quan correspongui, de les restants associacions i entitats esmentades en aquesta p\u00e0gina, estant protegits per l&#039;ordenament jur\u00eddic espanyol i per les normes comunit\u00e0ries i internacionals que resultin d&#039;aplicaci\u00f3.\u00a0La reproducci\u00f3, distribuci\u00f3, comercialitzaci\u00f3 o transformaci\u00f3 no autoritzades d&#039;aquests continguts -estalvi en els sup\u00f2sits permesos legalment per a \u00fas personal i privat-, constitueixen una infracci\u00f3 dels drets de propietat intel\u00b7lectual de CENTRE M\u00d2UU o d&#039;aquell que sigui titular.\u00a0Queda prohibida la reproducci\u00f3, total o parcial, distribuci\u00f3, comercialitzaci\u00f3 o transformaci\u00f3 de qualsevol dels continguts de la p\u00e0gina web [&hellip;]\" \/>\n<meta property=\"og:url\" content=\"https:\/\/www.mouuautosuperat.info\/es\/avis-legal\/\" \/>\n<meta property=\"og:site_name\" content=\"M\u00f2uu autosupera&#039;t\" \/>\n<meta property=\"article:publisher\" content=\"https:\/\/www.facebook.com\/MOUUAUTOSUPERAT\/\" \/>\n<meta property=\"article:modified_time\" content=\"2023-03-30T17:22:41+00:00\" \/>\n<meta name=\"twitter:card\" content=\"summary_large_image\" \/>\n<meta name=\"twitter:label1\" content=\"Tiempo de lectura\" \/>\n\t<meta name=\"twitter:data1\" content=\"4 minutos\" \/>\n<script type=\"application\/ld+json\" class=\"yoast-schema-graph\">{\"@context\":\"https:\\\/\\\/schema.org\",\"@graph\":[{\"@type\":\"WebPage\",\"@id\":\"https:\\\/\\\/www.mouuautosuperat.info\\\/es\\\/avis-legal\\\/\",\"url\":\"https:\\\/\\\/www.mouuautosuperat.info\\\/es\\\/avis-legal\\\/\",\"name\":\"Av\u00eds Legal - M\u00f2uu autosupera&#039;t\",\"isPartOf\":{\"@id\":\"https:\\\/\\\/www.mouuautosuperat.info\\\/#website\"},\"datePublished\":\"2015-06-01T10:30:49+00:00\",\"dateModified\":\"2023-03-30T17:22:41+00:00\",\"breadcrumb\":{\"@id\":\"https:\\\/\\\/www.mouuautosuperat.info\\\/es\\\/avis-legal\\\/#breadcrumb\"},\"inLanguage\":\"es\",\"potentialAction\":[{\"@type\":\"ReadAction\",\"target\":[\"https:\\\/\\\/www.mouuautosuperat.info\\\/es\\\/avis-legal\\\/\"]}]},{\"@type\":\"BreadcrumbList\",\"@id\":\"https:\\\/\\\/www.mouuautosuperat.info\\\/es\\\/avis-legal\\\/#breadcrumb\",\"itemListElement\":[{\"@type\":\"ListItem\",\"position\":1,\"name\":\"Portada\",\"item\":\"https:\\\/\\\/www.mouuautosuperat.info\\\/\"},{\"@type\":\"ListItem\",\"position\":2,\"name\":\"Av\u00eds Legal\"}]},{\"@type\":\"WebSite\",\"@id\":\"https:\\\/\\\/www.mouuautosuperat.info\\\/#website\",\"url\":\"https:\\\/\\\/www.mouuautosuperat.info\\\/\",\"name\":\"M\u00f2uu Autosupera't\",\"description\":\"Neuropsicologia, Psicologia Cl\u00ednica, Kinesiologia i Ter\u00e0pia Zen\",\"publisher\":{\"@id\":\"https:\\\/\\\/www.mouuautosuperat.info\\\/#organization\"},\"potentialAction\":[{\"@type\":\"SearchAction\",\"target\":{\"@type\":\"EntryPoint\",\"urlTemplate\":\"https:\\\/\\\/www.mouuautosuperat.info\\\/?s={search_term_string}\"},\"query-input\":{\"@type\":\"PropertyValueSpecification\",\"valueRequired\":true,\"valueName\":\"search_term_string\"}}],\"inLanguage\":\"es\"},{\"@type\":\"Organization\",\"@id\":\"https:\\\/\\\/www.mouuautosuperat.info\\\/#organization\",\"name\":\"M\u00f2uu Autosupera't\",\"url\":\"https:\\\/\\\/www.mouuautosuperat.info\\\/\",\"logo\":{\"@type\":\"ImageObject\",\"inLanguage\":\"es\",\"@id\":\"https:\\\/\\\/www.mouuautosuperat.info\\\/#\\\/schema\\\/logo\\\/image\\\/\",\"url\":\"http:\\\/\\\/www.mouuautosuperat.info\\\/wp-content\\\/uploads\\\/2015\\\/05\\\/logo.png\",\"contentUrl\":\"http:\\\/\\\/www.mouuautosuperat.info\\\/wp-content\\\/uploads\\\/2015\\\/05\\\/logo.png\",\"width\":135,\"height\":39,\"caption\":\"M\u00f2uu Autosupera't\"},\"image\":{\"@id\":\"https:\\\/\\\/www.mouuautosuperat.info\\\/#\\\/schema\\\/logo\\\/image\\\/\"},\"sameAs\":[\"https:\\\/\\\/www.facebook.com\\\/MOUUAUTOSUPERAT\\\/\"]}]}<\/script>\n<!-- \/ Yoast SEO plugin. -->","yoast_head_json":{"title":"Av\u00eds Legal - M\u00f2uu autosupera&#039;t","robots":{"index":"index","follow":"follow","max-snippet":"max-snippet:-1","max-image-preview":"max-image-preview:large","max-video-preview":"max-video-preview:-1"},"canonical":"https:\/\/www.mouuautosuperat.info\/es\/avis-legal\/","og_locale":"es_ES","og_type":"article","og_title":"Av\u00eds Legal - M\u00f2uu autosupera&#039;t","og_description":"CENTRE M\u00d2UUMARINA ARENY BALAGUER\u00d3DNI:\u00a047168911M\u00a0CENTRE M\u00d2UU\u00a0podr\u00e0 realitzar, en qualsevol moment i sense necessitat de previ av\u00eds, modificacions i actualitzacions respecte a la informaci\u00f3 continguda en la seva web, o en la seva configuraci\u00f3 o presentaci\u00f3.\u00a0CENTRE M\u00d2UU realitza tots els esfor\u00e7os possibles perqu\u00e8 la informaci\u00f3 subministrada a trav\u00e9s de la seva p\u00e0gina web sigui clara, comprensible i adequada, aix\u00ed com per a evitar errors en la mesura del possible i, si escau, reparar-los o actualitzar-los. No obstant aix\u00f2, CENTRE M\u00d2UU no pot garantir la inexist\u00e8ncia d'errors ni que el contingut de la informaci\u00f3 es trobi permanentment actualitzat.\u00a0Els drets de propietat intel\u00b7lectual dels continguts, textos, guies, distintius corporatius, imatges, et altera d'aquest lloc Web s\u00f3n propietat de CENTRE M\u00d2UU i, quan correspongui, de les restants associacions i entitats esmentades en aquesta p\u00e0gina, estant protegits per l'ordenament jur\u00eddic espanyol i per les normes comunit\u00e0ries i internacionals que resultin d'aplicaci\u00f3.\u00a0La reproducci\u00f3, distribuci\u00f3, comercialitzaci\u00f3 o transformaci\u00f3 no autoritzades d'aquests continguts -estalvi en els sup\u00f2sits permesos legalment per a \u00fas personal i privat-, constitueixen una infracci\u00f3 dels drets de propietat intel\u00b7lectual de CENTRE M\u00d2UU o d'aquell que sigui titular.\u00a0Queda prohibida la reproducci\u00f3, total o parcial, distribuci\u00f3, comercialitzaci\u00f3 o transformaci\u00f3 de qualsevol dels continguts de la p\u00e0gina web [&hellip;]","og_url":"https:\/\/www.mouuautosuperat.info\/es\/avis-legal\/","og_site_name":"M\u00f2uu autosupera&#039;t","article_publisher":"https:\/\/www.facebook.com\/MOUUAUTOSUPERAT\/","article_modified_time":"2023-03-30T17:22:41+00:00","twitter_card":"summary_large_image","twitter_misc":{"Tiempo de lectura":"4 minutos"},"schema":{"@context":"https:\/\/schema.org","@graph":[{"@type":"WebPage","@id":"https:\/\/www.mouuautosuperat.info\/es\/avis-legal\/","url":"https:\/\/www.mouuautosuperat.info\/es\/avis-legal\/","name":"Av\u00eds Legal - M\u00f2uu autosupera&#039;t","isPartOf":{"@id":"https:\/\/www.mouuautosuperat.info\/#website"},"datePublished":"2015-06-01T10:30:49+00:00","dateModified":"2023-03-30T17:22:41+00:00","breadcrumb":{"@id":"https:\/\/www.mouuautosuperat.info\/es\/avis-legal\/#breadcrumb"},"inLanguage":"es","potentialAction":[{"@type":"ReadAction","target":["https:\/\/www.mouuautosuperat.info\/es\/avis-legal\/"]}]},{"@type":"BreadcrumbList","@id":"https:\/\/www.mouuautosuperat.info\/es\/avis-legal\/#breadcrumb","itemListElement":[{"@type":"ListItem","position":1,"name":"Portada","item":"https:\/\/www.mouuautosuperat.info\/"},{"@type":"ListItem","position":2,"name":"Av\u00eds Legal"}]},{"@type":"WebSite","@id":"https:\/\/www.mouuautosuperat.info\/#website","url":"https:\/\/www.mouuautosuperat.info\/","name":"M\u00f2uu Autosupera't","description":"Neuropsicologia, Psicologia Cl\u00ednica, Kinesiologia i Ter\u00e0pia Zen","publisher":{"@id":"https:\/\/www.mouuautosuperat.info\/#organization"},"potentialAction":[{"@type":"SearchAction","target":{"@type":"EntryPoint","urlTemplate":"https:\/\/www.mouuautosuperat.info\/?s={search_term_string}"},"query-input":{"@type":"PropertyValueSpecification","valueRequired":true,"valueName":"search_term_string"}}],"inLanguage":"es"},{"@type":"Organization","@id":"https:\/\/www.mouuautosuperat.info\/#organization","name":"M\u00f2uu Autosupera't","url":"https:\/\/www.mouuautosuperat.info\/","logo":{"@type":"ImageObject","inLanguage":"es","@id":"https:\/\/www.mouuautosuperat.info\/#\/schema\/logo\/image\/","url":"http:\/\/www.mouuautosuperat.info\/wp-content\/uploads\/2015\/05\/logo.png","contentUrl":"http:\/\/www.mouuautosuperat.info\/wp-content\/uploads\/2015\/05\/logo.png","width":135,"height":39,"caption":"M\u00f2uu Autosupera't"},"image":{"@id":"https:\/\/www.mouuautosuperat.info\/#\/schema\/logo\/image\/"},"sameAs":["https:\/\/www.facebook.com\/MOUUAUTOSUPERAT\/"]}]}},"_links":{"self":[{"href":"https:\/\/www.mouuautosuperat.info\/es\/wp-json\/wp\/v2\/pages\/2782","targetHints":{"allow":["GET"]}}],"collection":[{"href":"https:\/\/www.mouuautosuperat.info\/es\/wp-json\/wp\/v2\/pages"}],"about":[{"href":"https:\/\/www.mouuautosuperat.info\/es\/wp-json\/wp\/v2\/types\/page"}],"author":[{"embeddable":true,"href":"https:\/\/www.mouuautosuperat.info\/es\/wp-json\/wp\/v2\/users\/3"}],"replies":[{"embeddable":true,"href":"https:\/\/www.mouuautosuperat.info\/es\/wp-json\/wp\/v2\/comments?post=2782"}],"version-history":[{"count":2,"href":"https:\/\/www.mouuautosuperat.info\/es\/wp-json\/wp\/v2\/pages\/2782\/revisions"}],"predecessor-version":[{"id":3128,"href":"https:\/\/www.mouuautosuperat.info\/es\/wp-json\/wp\/v2\/pages\/2782\/revisions\/3128"}],"wp:attachment":[{"href":"https:\/\/www.mouuautosuperat.info\/es\/wp-json\/wp\/v2\/media?parent=2782"}],"curies":[{"name":"wp","href":"https:\/\/api.w.org\/{rel}","templated":true}]}}