{"id":2956,"date":"2015-05-26T10:25:22","date_gmt":"2015-05-26T10:25:22","guid":{"rendered":"http:\/\/www.mouuautosuperat.info\/que-fem\/"},"modified":"2023-10-23T10:19:50","modified_gmt":"2023-10-23T10:19:50","slug":"que-hacemos","status":"publish","type":"page","link":"https:\/\/www.mouuautosuperat.info\/es\/que-hacemos\/","title":{"rendered":"Servicios"},"content":{"rendered":"<p>[et_pb_section fb_built=\u00bb1&#8243; _builder_version=\u00bb4.20.2&#8243; background_color=\u00bbrgba(216,180,151,0.2)\u00bb background_enable_image=\u00bboff\u00bb background_size=\u00bbinitial\u00bb background_position=\u00bbbottom_right\u00bb custom_padding=\u00bb50px|0px|57px|0px\u00bb global_colors_info=\u00bb{}\u00bb][et_pb_row _builder_version=\u00bb4.20.2&#8243; background_size=\u00bbinitial\u00bb background_position=\u00bbtop_left\u00bb background_repeat=\u00bbrepeat\u00bb custom_padding=\u00bb1em|0px|1em|0px|true|false\u00bb global_colors_info=\u00bb{}\u00bb][et_pb_column type=\u00bb4_4&#8243; _builder_version=\u00bb4.16&#8243; custom_padding=\u00bb|||\u00bb global_colors_info=\u00bb{}\u00bb custom_padding__hover=\u00bb|||\u00bb][et_pb_text admin_label=\u00bbT\u00edtol Serveis Terapeutics\u00bb _builder_version=\u00bb4.22.1&#8243; text_font=\u00bbGeorgia|700|||||||\u00bb text_font_size=\u00bb16&#8243; header_font=\u00bbCrimson Pro||||||||\u00bb header_text_align=\u00bbcenter\u00bb header_text_color=\u00bb#A26737&#8243; header_font_size=\u00bb2.9em\u00bb custom_margin=\u00bb|6em||6em|false|true\u00bb hover_enabled=\u00bb0&#8243; locked=\u00bboff\u00bb global_colors_info=\u00bb{}\u00bb sticky_enabled=\u00bb0&#8243;]<\/p>\n<h1 style=\"text-align: center;\">Nuestros servicios como centro terap\u00e8utico en Sabadell<\/h1>\n<p>[\/et_pb_text][\/et_pb_column][\/et_pb_row][\/et_pb_section][et_pb_section fb_built=\u00bb1&#8243; _builder_version=\u00bb4.20.2&#8243; custom_padding=\u00bb8em|0px|10em|0px|false|false\u00bb global_colors_info=\u00bb{}\u00bb][et_pb_row column_structure=\u00bb1_4,1_4,1_4,1_4&#8243; make_equal=\u00bbon\u00bb _builder_version=\u00bb4.20.2&#8243; locked=\u00bboff\u00bb global_colors_info=\u00bb{}\u00bb][et_pb_column type=\u00bb1_4&#8243; _builder_version=\u00bb4.20.2&#8243; custom_padding=\u00bb|||\u00bb custom_css_main_element=\u00bbdisplay:flex;flex-direction:column;\u00bb global_colors_info=\u00bb{}\u00bb custom_padding__hover=\u00bb|||\u00bb][et_pb_image src=\u00bbhttps:\/\/www.mouuautosuperat.info\/wp-content\/uploads\/2015\/05\/opcio1.png\u00bb title_text=\u00bbopcio1&#8243; _builder_version=\u00bb4.20.2&#8243; _module_preset=\u00bbdefault\u00bb global_colors_info=\u00bb{}\u00bb][\/et_pb_image][et_pb_text _builder_version=\u00bb4.20.2&#8243; _module_preset=\u00bbdefault\u00bb header_2_font=\u00bbCrimson Pro||||||||\u00bb header_2_text_color=\u00bb#A26737&#8243; header_2_font_size=\u00bb27px\u00bb custom_margin=\u00bb||1em||false|false\u00bb global_colors_info=\u00bb{}\u00bb]<\/p>\n<h2>Neuropsicologi\u0301a y psicologi\u0301a cli\u0301nica<\/h2>\n<p>[\/et_pb_text][et_pb_text _builder_version=\u00bb4.20.2&#8243; _module_preset=\u00bbdefault\u00bb global_colors_info=\u00bb{}\u00bb]<\/p>\n<p class=\"western\" align=\"left\">Promovemos la autonom\u00eda y la funcionalidad, interviniendo en las dificultades cognitivas que afectan a la vida cotidiana. Mejoran el bienestar psicol\u00f3gico de adultos y ni\u00f1os.<\/p>\n<p>[\/et_pb_text][et_pb_button button_url=\u00bbhttps:\/\/www.mouuautosuperat.info\/es\/que-hacemos\/neuropsicologia-y-psicologia-clinica\/\u00bb button_text=\u00bbLeer m\u00e1s\u00bb _builder_version=\u00bb4.20.2&#8243; _module_preset=\u00bbdefault\u00bb button_text_size=\u00bb16px\u00bb button_bg_color=\u00bb#D8B497&#8243; button_border_radius=\u00bb100px\u00bb custom_css_main_element=\u00bbmargin-top:auto;\u00bb global_colors_info=\u00bb{}\u00bb button_bg_color__hover_enabled=\u00bbon|hover\u00bb button_bg_color__hover=\u00bb#A26737&#8243; button_bg_enable_color__hover=\u00bbon\u00bb][\/et_pb_button][\/et_pb_column][et_pb_column type=\u00bb1_4&#8243; _builder_version=\u00bb4.20.2&#8243; custom_padding=\u00bb|||\u00bb custom_css_main_element=\u00bbdisplay:flex;flex-direction:column;height:100%;\u00bb global_colors_info=\u00bb{}\u00bb custom_padding__hover=\u00bb|||\u00bb][et_pb_image src=\u00bbhttps:\/\/www.mouuautosuperat.info\/wp-content\/uploads\/2015\/05\/opcion3.png\u00bb title_text=\u00bbopcion3&#8243; _builder_version=\u00bb4.20.2&#8243; _module_preset=\u00bbdefault\u00bb global_colors_info=\u00bb{}\u00bb][\/et_pb_image][et_pb_text _builder_version=\u00bb4.20.2&#8243; _module_preset=\u00bbdefault\u00bb header_2_font=\u00bbCrimson Pro||||||||\u00bb header_2_text_color=\u00bb#A26737&#8243; header_2_font_size=\u00bb27px\u00bb custom_margin=\u00bb||1em||false|false\u00bb global_colors_info=\u00bb{}\u00bb]<\/p>\n<h2>Kinesiolog\u00eda hol\u00edstica<\/h2>\n<p>[\/et_pb_text][et_pb_text _builder_version=\u00bb4.20.2&#8243; _module_preset=\u00bbdefault\u00bb global_colors_info=\u00bb{}\u00bb]<\/p>\n<p class=\"western\" align=\"left\">Ofrecemos una amplia gama de servicios de kinesiolog\u00eda para ni\u00f1os y adultos, desde la rehabilitaci\u00f3n de lesiones hasta la prevenci\u00f3n de enfermedades y la mejora del rendimiento f\u00edsico.<\/p>\n<p>[\/et_pb_text][et_pb_button button_url=\u00bb@ET-DC@eyJkeW5hbWljIjp0cnVlLCJjb250ZW50IjoicG9zdF9saW5rX3VybF9wYWdlIiwic2V0dGluZ3MiOnsicG9zdF9pZCI6IjMwNTkifX0=@\u00bb button_text=\u00bbLeer m\u00e1s\u00bb _builder_version=\u00bb4.20.2&#8243; _dynamic_attributes=\u00bbbutton_url\u00bb _module_preset=\u00bbdefault\u00bb button_text_size=\u00bb16px\u00bb button_bg_color=\u00bb#D8B497&#8243; button_border_radius=\u00bb100px\u00bb custom_css_main_element=\u00bbmargin-top:auto;\u00bb global_colors_info=\u00bb{}\u00bb button_bg_color__hover_enabled=\u00bbon|hover\u00bb button_bg_color__hover=\u00bb#A26737&#8243; button_bg_enable_color__hover=\u00bbon\u00bb][\/et_pb_button][\/et_pb_column][et_pb_column type=\u00bb1_4&#8243; _builder_version=\u00bb4.20.2&#8243; custom_padding=\u00bb|||\u00bb custom_css_main_element=\u00bbdisplay:flex;flex-direction:column;\u00bb global_colors_info=\u00bb{}\u00bb custom_padding__hover=\u00bb|||\u00bb][et_pb_image src=\u00bbhttps:\/\/www.mouuautosuperat.info\/wp-content\/uploads\/2015\/05\/opcio2-e1433326657705.png\u00bb title_text=\u00bbopcio2&#8243; _builder_version=\u00bb4.20.2&#8243; _module_preset=\u00bbdefault\u00bb global_colors_info=\u00bb{}\u00bb][\/et_pb_image][et_pb_text _builder_version=\u00bb4.20.2&#8243; _module_preset=\u00bbdefault\u00bb header_2_font=\u00bbCrimson Pro||||||||\u00bb header_2_text_color=\u00bb#A26737&#8243; header_2_font_size=\u00bb27px\u00bb custom_margin=\u00bb||1em||false|false\u00bb global_colors_info=\u00bb{}\u00bb]<\/p>\n<h2>Estimulaci\u00f3n de puntos energ\u00e9ticos<\/h2>\n<p>[\/et_pb_text][et_pb_text _builder_version=\u00bb4.20.2&#8243; _module_preset=\u00bbdefault\u00bb global_colors_info=\u00bb{}\u00bb]<\/p>\n<p>Utilizamos diferentes t\u00e9cnicas para lograr el objetivo de la estimulaci\u00f3n de los puntos energ\u00e9ticos del cuerpo, una herramienta importante para lograr un equilibrio y armon\u00eda en la vida cotidiana.<\/p>\n<p>[\/et_pb_text][et_pb_button button_url=\u00bb@ET-DC@eyJkeW5hbWljIjp0cnVlLCJjb250ZW50IjoicG9zdF9saW5rX3VybF9wYWdlIiwic2V0dGluZ3MiOnsicG9zdF9pZCI6IjMwNTcifX0=@\u00bb button_text=\u00bbLeer m\u00e1s\u00bb _builder_version=\u00bb4.20.2&#8243; _dynamic_attributes=\u00bbbutton_url\u00bb _module_preset=\u00bbdefault\u00bb button_text_size=\u00bb16px\u00bb button_bg_color=\u00bb#D8B497&#8243; button_border_radius=\u00bb100px\u00bb custom_css_main_element=\u00bbmargin-top:auto;\u00bb global_colors_info=\u00bb{}\u00bb button_bg_color__hover_enabled=\u00bbon|hover\u00bb button_bg_color__hover=\u00bb#A26737&#8243; button_bg_enable_color__hover=\u00bbon\u00bb][\/et_pb_button][\/et_pb_column][et_pb_column type=\u00bb1_4&#8243; _builder_version=\u00bb4.20.2&#8243; custom_padding=\u00bb|||\u00bb custom_css_main_element=\u00bbdisplay:flex;flex-direction:column;\u00bb global_colors_info=\u00bb{}\u00bb custom_padding__hover=\u00bb|||\u00bb][et_pb_image src=\u00bbhttps:\/\/www.mouuautosuperat.info\/wp-content\/uploads\/2015\/06\/opcio4.png\u00bb title_text=\u00bbopcio4&#8243; _builder_version=\u00bb4.20.2&#8243; _module_preset=\u00bbdefault\u00bb custom_margin=\u00bb-12px||||false|false\u00bb global_colors_info=\u00bb{}\u00bb][\/et_pb_image][et_pb_text _builder_version=\u00bb4.20.2&#8243; _module_preset=\u00bbdefault\u00bb header_2_font=\u00bbCrimson Pro||||||||\u00bb header_2_text_color=\u00bb#A26737&#8243; header_2_font_size=\u00bb27px\u00bb custom_margin=\u00bb||1em||false|false\u00bb global_colors_info=\u00bb{}\u00bb]<\/p>\n<h2>Terapias alternativas<\/h2>\n<p>[\/et_pb_text][et_pb_text _builder_version=\u00bb4.20.2&#8243; _module_preset=\u00bbdefault\u00bb global_colors_info=\u00bb{}\u00bb]Noesiterapia, ritualizaci\u00f3n, flores de bach, cromoterapia&#8230; Nuestro objetivo es brindar una experiencia hol\u00edstica y completa para el bienestar del individuo, abordando los aspectos f\u00edsicos, mentales y emocionales del ser.[\/et_pb_text][et_pb_button button_url=\u00bb@ET-DC@eyJkeW5hbWljIjp0cnVlLCJjb250ZW50IjoicG9zdF9saW5rX3VybF9wYWdlIiwic2V0dGluZ3MiOnsicG9zdF9pZCI6IjMwNjEifX0=@\u00bb button_text=\u00bbLeer m\u00e1s\u00bb _builder_version=\u00bb4.20.2&#8243; _dynamic_attributes=\u00bbbutton_url\u00bb _module_preset=\u00bbdefault\u00bb button_text_size=\u00bb16px\u00bb button_bg_color=\u00bb#D8B497&#8243; button_border_radius=\u00bb100px\u00bb custom_css_main_element=\u00bbmargin-top:auto;\u00bb global_colors_info=\u00bb{}\u00bb button_bg_color__hover_enabled=\u00bbon|hover\u00bb button_bg_color__hover=\u00bb#A26737&#8243; button_bg_enable_color__hover=\u00bbon\u00bb][\/et_pb_button][\/et_pb_column][\/et_pb_row][\/et_pb_section]<\/p>\n","protected":false},"excerpt":{"rendered":"<p>Nuestros servicios como centro terap\u00e8utico en SabadellNeuropsicologi\u0301a y psicologi\u0301a cli\u0301nicaPromovemos la autonom\u00eda y la funcionalidad, interviniendo en las dificultades cognitivas que afectan a la vida cotidiana. Mejoran el bienestar psicol\u00f3gico de adultos y ni\u00f1os.Kinesiolog\u00eda hol\u00edsticaOfrecemos una amplia gama de servicios de kinesiolog\u00eda para ni\u00f1os y adultos, desde la rehabilitaci\u00f3n de lesiones hasta la prevenci\u00f3n de enfermedades y la mejora del rendimiento f\u00edsico.Estimulaci\u00f3n de puntos energ\u00e9ticosUtilizamos diferentes t\u00e9cnicas para lograr el objetivo de la estimulaci\u00f3n de los puntos energ\u00e9ticos del cuerpo, una herramienta importante para lograr un equilibrio y armon\u00eda en la vida cotidiana.Terapias alternativasNoesiterapia, ritualizaci\u00f3n, flores de bach, cromoterapia&#8230; Nuestro objetivo es brindar una experiencia hol\u00edstica y completa para el bienestar del individuo, abordando los aspectos f\u00edsicos, mentales y emocionales del ser.<\/p>\n","protected":false},"author":3,"featured_media":0,"parent":0,"menu_order":0,"comment_status":"open","ping_status":"open","template":"","meta":{"_acf_changed":false,"_et_pb_use_builder":"on","_et_pb_old_content":"<h2>Atenem a totes les edats, aplicant diferents t\u00e8cniques:<\/h2><p>\u00a0<\/p><ul><li><span style=\"color: #f5adcc;\"><strong>Kinesiologia<\/strong><\/span>: Ens<span style=\"color: #000000;\"> permet q<\/span>ue necessitem per recuperar l'equilibri f\u00edsic, postural, qu\u00edmic, energ\u00e8tic i emocional. Accedir i canviar la mem\u00f2ria cel\u00b7lular que guarda la informaci\u00f3 del nostre estat actual i del passat i recuperar la capacitat del nostre cos per autosanar-se.<\/li><\/ul><p>\u00a0<\/p><ul><li><span style=\"color: #95c5e2;\"><strong>Brain Gym<\/strong><\/span>: T\u00e9 com a objectiu millorar la qualitat de l'aprenentatge de les persones, que es concreta en: promoure l'aprenentatge de forma l\u00fadica i divertida, potenciar la nostra intel\u00b7lig\u00e8ncia innata, construir l'aprenentatge a partir dels moviments que es fan en la vida quotidiana i potenciar les habilitats.<\/li><\/ul><p>\u00a0<\/p><ul><li><span style=\"color: #84d1a5;\"><b>Gimn\u00e0stica Visual: <\/b><\/span>T\u00e9 com objectiu millorar la qualitat visual, mitjan\u00e7ant \u00a0diferents activitats oculars.<\/li><\/ul><p>\u00a0<\/p><ul><li><span style=\"color: #ffcc99;\"><strong>Ter\u00e0pia de Moviments R\u00edtmics<\/strong> :<\/span>\u00a0Exercicis que impliquen tot el cos, imitant els moviments que fan els beb\u00e8s de manera natural. Aquests s\u2019apliquen per ajudar a inhibir els reflexos primaris que hagin quedat actius.<\/li><\/ul><p>\u00a0<\/p><ul><li><strong><span style=\"color: #ecb6f2;\">Blocs d'aprenentatge basat en el Moviment<\/span>:<\/strong> \u00a0Moviments que es realitzen per a persones amb necessitats especials per realitzar estimulaci\u00f3 cerebral i millorar la seva qualitat de vida.<\/li><\/ul><p>\u00a0<\/p><ul><li><strong><span style=\"color: #a8ccb4;\">Neuropsicologia\u00a0<\/span><\/strong><span style=\"color: #a8ccb4;\"><b>cl\u00ednica<\/b><\/span>: Fomentar autonomia i funcionalitat, aix\u00ed com rehabilitar les alteracions cognitives.<\/li><\/ul><p>\u00a0<\/p><ul><li><strong><span style=\"color: #fed97e;\">Toc Zen<\/span><\/strong>: Es basa en la respiraci\u00f3 conscient, la meditaci\u00f3 i l'estimulaci\u00f3 dels punts energ\u00e8tics per eliminar possibles bloqueigs i permetre que la energia flueixi correctament pel cos.<\/li><\/ul><p>\u00a0<\/p><ul><li><strong><span style=\"color: #95c5e2;\">Flors de Bach<\/span><\/strong>: Actuen sobre els patrons negatius de les emocions, disminuint l\u2019odi, la por, la inseguretat, la depressi\u00f3, la culpa, l\u2019ansietat, l\u2019angoixa\u2026 ajudant a restablir l\u2019equilibri emocional vers l\u2019emoci\u00f3 corresponent positiva.<\/li><\/ul><p>\u00a0<\/p><ul><li><strong><span style=\"color: #ff99cc;\">Babymouu<\/span>:<\/strong> Programa d'estimulaci\u00f3 i relaxaci\u00f3 per els m\u00e9s petits de la casa. Tot un conjunt de t\u00e8cniques per estimular i relaxar. Aconseguint una millor qualitat de vida. Com a novetat comencem a fer<span style=\"color: #ff99cc;\"><strong> HIDROTER\u00c0PIA PER NADONS.\u00a0<\/strong><\/span><\/li><\/ul><p>\u00a0<\/p><ul><li><span style=\"color: #99cc00;\"><strong>M\u00e8tode NACES<\/strong><span style=\"color: #000000;\">:<\/span>\u00a0<span style=\"color: #000000;\">Treball amb l'inconscient que permet conectar amb la sabidur\u00eda del cos, fomenta la comunicaci\u00f3 amb el nado, enforteix la relaci\u00f3 amb la parella, allibera les emocions negatives que es puguin transmetre i uneix pensament, emoci\u00f3 i resposta neurofisiol\u00f2gica per facilitar el moment del part. \u00a0<\/span><\/span><\/li><\/ul><p>\u00a0<\/p><ul><li><span style=\"color: #ffcc00;\"><strong>Haptofonoembriologia<\/strong><span style=\"color: #000000;\">: Comunicaci\u00f3 i percepci\u00f3 sensorial sonora - psico - t\u00e0ctil del nado intrauter\u00ed.\u00a0<\/span><\/span><\/li><\/ul>","_et_gb_content_width":"","footnotes":""},"class_list":["post-2956","page","type-page","status-publish","hentry"],"acf":[],"yoast_head":"<!-- This site is optimized with the Yoast SEO plugin v27.5 - https:\/\/yoast.com\/product\/yoast-seo-wordpress\/ -->\n<title>Neuropsicolog\u00eda hol\u00edstica y terapias energ\u00e9ticas en Sabadell - M\u00d2UU<\/title>\n<meta name=\"robots\" content=\"index, follow, max-snippet:-1, max-image-preview:large, max-video-preview:-1\" \/>\n<link rel=\"canonical\" href=\"https:\/\/www.mouuautosuperat.info\/es\/que-hacemos\/\" \/>\n<meta property=\"og:locale\" content=\"es_ES\" \/>\n<meta property=\"og:type\" content=\"article\" \/>\n<meta property=\"og:title\" content=\"Neuropsicolog\u00eda hol\u00edstica y terapias energ\u00e9ticas en Sabadell - M\u00d2UU\" \/>\n<meta property=\"og:description\" content=\"Nuestros servicios como centro terap\u00e8utico en SabadellNeuropsicologi\u0301a y psicologi\u0301a cli\u0301nicaPromovemos la autonom\u00eda y la funcionalidad, interviniendo en las dificultades cognitivas que afectan a la vida cotidiana. Mejoran el bienestar psicol\u00f3gico de adultos y ni\u00f1os.Kinesiolog\u00eda hol\u00edsticaOfrecemos una amplia gama de servicios de kinesiolog\u00eda para ni\u00f1os y adultos, desde la rehabilitaci\u00f3n de lesiones hasta la prevenci\u00f3n de enfermedades y la mejora del rendimiento f\u00edsico.Estimulaci\u00f3n de puntos energ\u00e9ticosUtilizamos diferentes t\u00e9cnicas para lograr el objetivo de la estimulaci\u00f3n de los puntos energ\u00e9ticos del cuerpo, una herramienta importante para lograr un equilibrio y armon\u00eda en la vida cotidiana.Terapias alternativasNoesiterapia, ritualizaci\u00f3n, flores de bach, cromoterapia... Nuestro objetivo es brindar una experiencia hol\u00edstica y completa para el bienestar del individuo, abordando los aspectos f\u00edsicos, mentales y emocionales del ser.\" \/>\n<meta property=\"og:url\" content=\"https:\/\/www.mouuautosuperat.info\/es\/que-hacemos\/\" \/>\n<meta property=\"og:site_name\" content=\"M\u00f2uu autosupera&#039;t\" \/>\n<meta property=\"article:publisher\" content=\"https:\/\/www.facebook.com\/MOUUAUTOSUPERAT\/\" \/>\n<meta property=\"article:modified_time\" content=\"2023-10-23T10:19:50+00:00\" \/>\n<meta name=\"twitter:card\" content=\"summary_large_image\" \/>\n<meta name=\"twitter:label1\" content=\"Tiempo de lectura\" \/>\n\t<meta name=\"twitter:data1\" content=\"2 minutos\" \/>\n<script type=\"application\/ld+json\" class=\"yoast-schema-graph\">{\"@context\":\"https:\\\/\\\/schema.org\",\"@graph\":[{\"@type\":\"WebPage\",\"@id\":\"https:\\\/\\\/www.mouuautosuperat.info\\\/es\\\/que-hacemos\\\/\",\"url\":\"https:\\\/\\\/www.mouuautosuperat.info\\\/es\\\/que-hacemos\\\/\",\"name\":\"Neuropsicolog\u00eda hol\u00edstica y terapias energ\u00e9ticas en Sabadell - M\u00d2UU\",\"isPartOf\":{\"@id\":\"https:\\\/\\\/www.mouuautosuperat.info\\\/#website\"},\"datePublished\":\"2015-05-26T10:25:22+00:00\",\"dateModified\":\"2023-10-23T10:19:50+00:00\",\"breadcrumb\":{\"@id\":\"https:\\\/\\\/www.mouuautosuperat.info\\\/es\\\/que-hacemos\\\/#breadcrumb\"},\"inLanguage\":\"es\",\"potentialAction\":[{\"@type\":\"ReadAction\",\"target\":[\"https:\\\/\\\/www.mouuautosuperat.info\\\/es\\\/que-hacemos\\\/\"]}]},{\"@type\":\"BreadcrumbList\",\"@id\":\"https:\\\/\\\/www.mouuautosuperat.info\\\/es\\\/que-hacemos\\\/#breadcrumb\",\"itemListElement\":[{\"@type\":\"ListItem\",\"position\":1,\"name\":\"Portada\",\"item\":\"https:\\\/\\\/www.mouuautosuperat.info\\\/\"},{\"@type\":\"ListItem\",\"position\":2,\"name\":\"Servicios\"}]},{\"@type\":\"WebSite\",\"@id\":\"https:\\\/\\\/www.mouuautosuperat.info\\\/#website\",\"url\":\"https:\\\/\\\/www.mouuautosuperat.info\\\/\",\"name\":\"M\u00f2uu Autosupera't\",\"description\":\"Neuropsicologia, Psicologia Cl\u00ednica, Kinesiologia i Ter\u00e0pia Zen\",\"publisher\":{\"@id\":\"https:\\\/\\\/www.mouuautosuperat.info\\\/#organization\"},\"potentialAction\":[{\"@type\":\"SearchAction\",\"target\":{\"@type\":\"EntryPoint\",\"urlTemplate\":\"https:\\\/\\\/www.mouuautosuperat.info\\\/?s={search_term_string}\"},\"query-input\":{\"@type\":\"PropertyValueSpecification\",\"valueRequired\":true,\"valueName\":\"search_term_string\"}}],\"inLanguage\":\"es\"},{\"@type\":\"Organization\",\"@id\":\"https:\\\/\\\/www.mouuautosuperat.info\\\/#organization\",\"name\":\"M\u00f2uu Autosupera't\",\"url\":\"https:\\\/\\\/www.mouuautosuperat.info\\\/\",\"logo\":{\"@type\":\"ImageObject\",\"inLanguage\":\"es\",\"@id\":\"https:\\\/\\\/www.mouuautosuperat.info\\\/#\\\/schema\\\/logo\\\/image\\\/\",\"url\":\"http:\\\/\\\/www.mouuautosuperat.info\\\/wp-content\\\/uploads\\\/2015\\\/05\\\/logo.png\",\"contentUrl\":\"http:\\\/\\\/www.mouuautosuperat.info\\\/wp-content\\\/uploads\\\/2015\\\/05\\\/logo.png\",\"width\":135,\"height\":39,\"caption\":\"M\u00f2uu Autosupera't\"},\"image\":{\"@id\":\"https:\\\/\\\/www.mouuautosuperat.info\\\/#\\\/schema\\\/logo\\\/image\\\/\"},\"sameAs\":[\"https:\\\/\\\/www.facebook.com\\\/MOUUAUTOSUPERAT\\\/\"]}]}<\/script>\n<!-- \/ Yoast SEO plugin. -->","yoast_head_json":{"title":"Neuropsicolog\u00eda hol\u00edstica y terapias energ\u00e9ticas en Sabadell - M\u00d2UU","robots":{"index":"index","follow":"follow","max-snippet":"max-snippet:-1","max-image-preview":"max-image-preview:large","max-video-preview":"max-video-preview:-1"},"canonical":"https:\/\/www.mouuautosuperat.info\/es\/que-hacemos\/","og_locale":"es_ES","og_type":"article","og_title":"Neuropsicolog\u00eda hol\u00edstica y terapias energ\u00e9ticas en Sabadell - M\u00d2UU","og_description":"Nuestros servicios como centro terap\u00e8utico en SabadellNeuropsicologi\u0301a y psicologi\u0301a cli\u0301nicaPromovemos la autonom\u00eda y la funcionalidad, interviniendo en las dificultades cognitivas que afectan a la vida cotidiana. Mejoran el bienestar psicol\u00f3gico de adultos y ni\u00f1os.Kinesiolog\u00eda hol\u00edsticaOfrecemos una amplia gama de servicios de kinesiolog\u00eda para ni\u00f1os y adultos, desde la rehabilitaci\u00f3n de lesiones hasta la prevenci\u00f3n de enfermedades y la mejora del rendimiento f\u00edsico.Estimulaci\u00f3n de puntos energ\u00e9ticosUtilizamos diferentes t\u00e9cnicas para lograr el objetivo de la estimulaci\u00f3n de los puntos energ\u00e9ticos del cuerpo, una herramienta importante para lograr un equilibrio y armon\u00eda en la vida cotidiana.Terapias alternativasNoesiterapia, ritualizaci\u00f3n, flores de bach, cromoterapia... Nuestro objetivo es brindar una experiencia hol\u00edstica y completa para el bienestar del individuo, abordando los aspectos f\u00edsicos, mentales y emocionales del ser.","og_url":"https:\/\/www.mouuautosuperat.info\/es\/que-hacemos\/","og_site_name":"M\u00f2uu autosupera&#039;t","article_publisher":"https:\/\/www.facebook.com\/MOUUAUTOSUPERAT\/","article_modified_time":"2023-10-23T10:19:50+00:00","twitter_card":"summary_large_image","twitter_misc":{"Tiempo de lectura":"2 minutos"},"schema":{"@context":"https:\/\/schema.org","@graph":[{"@type":"WebPage","@id":"https:\/\/www.mouuautosuperat.info\/es\/que-hacemos\/","url":"https:\/\/www.mouuautosuperat.info\/es\/que-hacemos\/","name":"Neuropsicolog\u00eda hol\u00edstica y terapias energ\u00e9ticas en Sabadell - M\u00d2UU","isPartOf":{"@id":"https:\/\/www.mouuautosuperat.info\/#website"},"datePublished":"2015-05-26T10:25:22+00:00","dateModified":"2023-10-23T10:19:50+00:00","breadcrumb":{"@id":"https:\/\/www.mouuautosuperat.info\/es\/que-hacemos\/#breadcrumb"},"inLanguage":"es","potentialAction":[{"@type":"ReadAction","target":["https:\/\/www.mouuautosuperat.info\/es\/que-hacemos\/"]}]},{"@type":"BreadcrumbList","@id":"https:\/\/www.mouuautosuperat.info\/es\/que-hacemos\/#breadcrumb","itemListElement":[{"@type":"ListItem","position":1,"name":"Portada","item":"https:\/\/www.mouuautosuperat.info\/"},{"@type":"ListItem","position":2,"name":"Servicios"}]},{"@type":"WebSite","@id":"https:\/\/www.mouuautosuperat.info\/#website","url":"https:\/\/www.mouuautosuperat.info\/","name":"M\u00f2uu Autosupera't","description":"Neuropsicologia, Psicologia Cl\u00ednica, Kinesiologia i Ter\u00e0pia Zen","publisher":{"@id":"https:\/\/www.mouuautosuperat.info\/#organization"},"potentialAction":[{"@type":"SearchAction","target":{"@type":"EntryPoint","urlTemplate":"https:\/\/www.mouuautosuperat.info\/?s={search_term_string}"},"query-input":{"@type":"PropertyValueSpecification","valueRequired":true,"valueName":"search_term_string"}}],"inLanguage":"es"},{"@type":"Organization","@id":"https:\/\/www.mouuautosuperat.info\/#organization","name":"M\u00f2uu Autosupera't","url":"https:\/\/www.mouuautosuperat.info\/","logo":{"@type":"ImageObject","inLanguage":"es","@id":"https:\/\/www.mouuautosuperat.info\/#\/schema\/logo\/image\/","url":"http:\/\/www.mouuautosuperat.info\/wp-content\/uploads\/2015\/05\/logo.png","contentUrl":"http:\/\/www.mouuautosuperat.info\/wp-content\/uploads\/2015\/05\/logo.png","width":135,"height":39,"caption":"M\u00f2uu Autosupera't"},"image":{"@id":"https:\/\/www.mouuautosuperat.info\/#\/schema\/logo\/image\/"},"sameAs":["https:\/\/www.facebook.com\/MOUUAUTOSUPERAT\/"]}]}},"_links":{"self":[{"href":"https:\/\/www.mouuautosuperat.info\/es\/wp-json\/wp\/v2\/pages\/2956","targetHints":{"allow":["GET"]}}],"collection":[{"href":"https:\/\/www.mouuautosuperat.info\/es\/wp-json\/wp\/v2\/pages"}],"about":[{"href":"https:\/\/www.mouuautosuperat.info\/es\/wp-json\/wp\/v2\/types\/page"}],"author":[{"embeddable":true,"href":"https:\/\/www.mouuautosuperat.info\/es\/wp-json\/wp\/v2\/users\/3"}],"replies":[{"embeddable":true,"href":"https:\/\/www.mouuautosuperat.info\/es\/wp-json\/wp\/v2\/comments?post=2956"}],"version-history":[{"count":18,"href":"https:\/\/www.mouuautosuperat.info\/es\/wp-json\/wp\/v2\/pages\/2956\/revisions"}],"predecessor-version":[{"id":243343,"href":"https:\/\/www.mouuautosuperat.info\/es\/wp-json\/wp\/v2\/pages\/2956\/revisions\/243343"}],"wp:attachment":[{"href":"https:\/\/www.mouuautosuperat.info\/es\/wp-json\/wp\/v2\/media?parent=2956"}],"curies":[{"name":"wp","href":"https:\/\/api.w.org\/{rel}","templated":true}]}}